{"id":374,"date":"2026-03-14T10:28:36","date_gmt":"2026-03-14T10:28:36","guid":{"rendered":"https:\/\/nordicinternetsolutions.com\/?page_id=374"},"modified":"2026-04-16T16:53:30","modified_gmt":"2026-04-16T16:53:30","slug":"att-flytta-till-molnet","status":"publish","type":"page","link":"https:\/\/nordicinternetsolutions.com\/sv\/moving-to-the-cloud\/","title":{"rendered":"att flytta till molnet"},"content":{"rendered":"<div class=\"et_pb_section_0 et_pb_section et_section_regular et_block_section\"><span class=\"et-pb-background-video\"><\/span>\n<div class=\"et_pb_row_0 et_pb_row et-vb-row--no-module et_flex_row\">\n<div class=\"et_pb_column_0 et_pb_column et-last-child et_flex_column et_pb_column_empty et_pb_css_mix_blend_mode_passthrough et_flex_column_24_24 et_flex_column_24_24_tablet et_flex_column_24_24_phone\"><\/div>\n<\/div>\n\n<div class=\"et_pb_row_1 et_pb_row et_block_row et_animated\">\n<div class=\"et_pb_column_1 et_pb_column et_pb_column_4_4 et-last-child et_block_column et_pb_css_mix_blend_mode_passthrough\">\n<div class=\"et_pb_text_0 et_pb_text et_pb_bg_layout_dark et_pb_module et_block_module et_pb_text_align_center\"><div class=\"et_pb_text_inner\"><h1>Att flytta till molnet<\/h1>\n<p>\u00a0<\/p>\n<\/div>\n<div class=\"et_pb_icon_0 et_pb_icon et_pb_module et_flex_module\"><span class=\"et_pb_icon_wrap\" data-icon=\"Z\"><span class=\"et-pb-icon\">Z<\/span><\/span><\/div>\n<\/div>\n<\/div>\n<\/div>\n<\/div>\n\n<div class=\"et_pb_section_1 et_pb_section et_section_regular et_block_section\">\n<div class=\"et_pb_row_2 et_pb_row et_block_row\">\n<div class=\"et_pb_column_2 et_pb_column et_pb_column_4_4 et-last-child et_block_column et_pb_css_mix_blend_mode_passthrough\">\n<section class=\"et_pb_fullwidth_header_0 et_pb_fullwidth_header et_pb_bg_layout_dark et_pb_text_align_center et_animated et_pb_module et_flex_module\"><div class=\"et_pb_fullwidth_header_container center\"><div class=\"header-content-container center\"><div class=\"header-content et_flex_module\"><h1 class=\"et_pb_module_header\">Lyft ditt f\u00f6retag<\/h1><span class=\"et_pb_fullwidth_header_subhead\">s\u00f6ml\u00f6s migrering till molnet<\/span><div class=\"et_pb_header_button_wrapper\"><\/div><\/div><\/div><\/div><div class=\"et_pb_fullwidth_header_overlay\"><\/div><div class=\"et_pb_fullwidth_header_scroll\"><\/div><\/section>\n<\/div>\n<\/div>\n\n<div class=\"et_pb_row_3 et_pb_row et-vb-row--no-module et_flex_row\">\n<div class=\"et_pb_column_3 et_pb_column et-last-child et_flex_column et_pb_column_empty et_pb_css_mix_blend_mode_passthrough et_flex_column_24_24 et_flex_column_24_24_tablet et_flex_column_24_24_phone\"><\/div>\n<\/div>\n\n<div class=\"et_pb_row_4 et_pb_row et_flex_row\">\n<div class=\"et_pb_column_4 et_pb_column et_flex_column et_pb_css_mix_blend_mode_passthrough et_flex_column_8_24 et_flex_column_8_24_tablet et_flex_column_24_24_phone\">\n<div class=\"et_pb_blurb_0 et_pb_blurb et_pb_bg_layout_dark et_pb_blurb_position_top et_animated et_pb_module et_flex_module\"><div class=\"et_pb_blurb_content et_flex_module\"><div class=\"et_pb_main_blurb_image\"><span class=\"et_pb_image_wrap\"><span class=\"et-pb-icon et_animated et_animated\">\uf289<\/span><\/span><\/div><div class=\"et_pb_blurb_container\"><h1 class=\"et_pb_module_header\">Molnl\u00f6sningar<\/h1><div class=\"et_pb_blurb_description\"><p>G\u00e5 \u00f6ver till molnet med v\u00e5ra Open Source-l\u00f6sningar och ge din organisation st\u00f6rre valfrihet, l\u00e4gre kostnader och fart att v\u00e4xa. Open Source inneb\u00e4r inga dyra licenser och inga leverant\u00f6rer som h\u00e5ller dig tillbaka \u2013 bara smart, flexibel teknik som f\u00f6ljer dina m\u00e5l. G\u00f6r ett medvetet val f\u00f6r s\u00e4kra och stabila europeiska mjukvarul\u00f6sningar!<\/p>\n<\/div><\/div><\/div><\/div>\n<\/div>\n\n<div class=\"et_pb_column_5 et_pb_column et_flex_column et_pb_css_mix_blend_mode_passthrough et_flex_column_8_24 et_flex_column_8_24_tablet et_flex_column_24_24_phone\">\n<div class=\"et_pb_blurb_1 et_pb_blurb et_pb_bg_layout_dark et_pb_blurb_position_top et_animated et_pb_module et_flex_module\"><div class=\"et_pb_blurb_content et_flex_module\"><div class=\"et_pb_main_blurb_image\"><span class=\"et_pb_image_wrap\"><span class=\"et-pb-icon et_animated et_animated\">\uf118<\/span><\/span><\/div><div class=\"et_pb_blurb_container\"><h1 class=\"et_pb_module_header\">Mer kontroll<\/h1><div class=\"et_pb_blurb_description\"><p>**Mer kontroll, l\u00e4gre kostnader:** <br \/>Spara p\u00e5 programvarulicenser och allokera budget till tillv\u00e4xt och service, inte till fasta leverant\u00f6rskostnader.<\/p>\n<p>Flexibilitet: <br \/>Flytta enkelt dina system mellan leverant\u00f6rer eller tillbaka till din egen milj\u00f6; du v\u00e4ljer vad som fungerar b\u00e4st f\u00f6r din organisation.<\/p>\n<p>P\u00e5litlighet genom samarbete: <br \/>\u00d6ppna gemenskaper f\u00f6rb\u00e4ttrar och s\u00e4krar kontinuerligt verktygen, s\u00e5 du drar nytta av samlad expertis.<\/p>\n<\/div><\/div><\/div><\/div>\n<\/div>\n\n<div class=\"et_pb_column_6 et_pb_column et-last-child et_flex_column et_pb_css_mix_blend_mode_passthrough et_flex_column_8_24 et_flex_column_8_24_tablet et_flex_column_24_24_phone\">\n<div class=\"et_pb_blurb_2 et_pb_blurb et_pb_bg_layout_dark et_pb_blurb_position_top et_animated et_pb_module et_flex_module\"><div class=\"et_pb_blurb_content et_flex_module\"><div class=\"et_pb_main_blurb_image\"><span class=\"et_pb_image_wrap\"><span class=\"et-pb-icon et_animated et_animated\">\uf3fd<\/span><\/span><\/div><div class=\"et_pb_blurb_container\"><h1 class=\"et_pb_module_header\">Snabba p\u00e5<\/h1><div class=\"et_pb_blurb_description\"><p>Snabbhet till marknaden<br \/>\nLansera nya produkter och tj\u00e4nster snabbare eftersom du inte \u00e4r bunden till kr\u00e5ngliga licensprocesser.<\/p>\n<p>S\u00e4krare och mer transparent<br \/>\nMed \u00f6ppna l\u00f6sningar ser du exakt vad som h\u00e4nder, vilket \u00f6kar f\u00f6rtroendet och f\u00f6ljsamheten.<\/p>\n<p>Tillg\u00e4nglighet f\u00f6r team:<br \/>\nAnv\u00e4ndarv\u00e4nliga, bepr\u00f6vade l\u00f6sningar g\u00f6r det enklare f\u00f6r medarbetare att samarbeta, oavsett var de arbetar.<\/p>\n<\/div><\/div><\/div><\/div>\n<\/div>\n<\/div>\n<\/div>","protected":false},"excerpt":{"rendered":"","protected":false},"author":2,"featured_media":0,"parent":0,"menu_order":0,"comment_status":"closed","ping_status":"closed","template":"","meta":{"footnotes":""},"class_list":["post-374","page","type-page","status-publish","hentry"],"yoast_head":"<!-- This site is optimized with the Yoast SEO plugin v27.5 - https:\/\/yoast.com\/product\/yoast-seo-wordpress\/ -->\n<title>moving to the cloud - Nordic Internet Solutions AB | Web Design &amp; Digital Strategy<\/title>\n<meta name=\"robots\" content=\"index, follow, max-snippet:-1, max-image-preview:large, max-video-preview:-1\" \/>\n<link rel=\"canonical\" href=\"https:\/\/nordicinternetsolutions.com\/sv\/att-flytta-till-molnet\/\" \/>\n<meta property=\"og:locale\" content=\"sv_SE\" \/>\n<meta property=\"og:type\" content=\"article\" \/>\n<meta property=\"og:title\" content=\"moving to the cloud - Nordic Internet Solutions AB | Web Design &amp; Digital Strategy\" \/>\n<meta property=\"og:url\" content=\"https:\/\/nordicinternetsolutions.com\/sv\/att-flytta-till-molnet\/\" \/>\n<meta property=\"og:site_name\" content=\"Nordic Internet Solutions AB | Web Design &amp; Digital Strategy\" \/>\n<meta property=\"article:publisher\" content=\"https:\/\/www.facebook.com\/profile.php?id=61585601183693\" \/>\n<meta property=\"article:modified_time\" content=\"2026-04-16T16:53:30+00:00\" \/>\n<meta name=\"twitter:card\" content=\"summary_large_image\" \/>\n<script type=\"application\/ld+json\" class=\"yoast-schema-graph\">{\"@context\":\"https:\\\/\\\/schema.org\",\"@graph\":[{\"@type\":\"WebPage\",\"@id\":\"https:\\\/\\\/nordicinternetsolutions.com\\\/moving-to-the-cloud\\\/\",\"url\":\"https:\\\/\\\/nordicinternetsolutions.com\\\/moving-to-the-cloud\\\/\",\"name\":\"moving to the cloud - Nordic Internet Solutions AB | Web Design &amp; Digital Strategy\",\"isPartOf\":{\"@id\":\"https:\\\/\\\/nordicinternetsolutions.com\\\/#website\"},\"datePublished\":\"2026-03-14T10:28:36+00:00\",\"dateModified\":\"2026-04-16T16:53:30+00:00\",\"breadcrumb\":{\"@id\":\"https:\\\/\\\/nordicinternetsolutions.com\\\/moving-to-the-cloud\\\/#breadcrumb\"},\"inLanguage\":\"sv-SE\",\"potentialAction\":[{\"@type\":\"ReadAction\",\"target\":[\"https:\\\/\\\/nordicinternetsolutions.com\\\/moving-to-the-cloud\\\/\"]}]},{\"@type\":\"BreadcrumbList\",\"@id\":\"https:\\\/\\\/nordicinternetsolutions.com\\\/moving-to-the-cloud\\\/#breadcrumb\",\"itemListElement\":[{\"@type\":\"ListItem\",\"position\":1,\"name\":\"Home\",\"item\":\"https:\\\/\\\/nordicinternetsolutions.com\\\/\"},{\"@type\":\"ListItem\",\"position\":2,\"name\":\"moving to the cloud\"}]},{\"@type\":\"WebSite\",\"@id\":\"https:\\\/\\\/nordicinternetsolutions.com\\\/#website\",\"url\":\"https:\\\/\\\/nordicinternetsolutions.com\\\/\",\"name\":\"Nordic Internet Solutions AB | Web Design & Digital Strategy\",\"description\":\"Your partner for scalable web solutions and Nordic excellence\",\"publisher\":{\"@id\":\"https:\\\/\\\/nordicinternetsolutions.com\\\/#organization\"},\"potentialAction\":[{\"@type\":\"SearchAction\",\"target\":{\"@type\":\"EntryPoint\",\"urlTemplate\":\"https:\\\/\\\/nordicinternetsolutions.com\\\/?s={search_term_string}\"},\"query-input\":{\"@type\":\"PropertyValueSpecification\",\"valueRequired\":true,\"valueName\":\"search_term_string\"}}],\"inLanguage\":\"sv-SE\"},{\"@type\":\"Organization\",\"@id\":\"https:\\\/\\\/nordicinternetsolutions.com\\\/#organization\",\"name\":\"Nordic Internet Solutions AB | Web Design & Digital Strategy\",\"url\":\"https:\\\/\\\/nordicinternetsolutions.com\\\/\",\"logo\":{\"@type\":\"ImageObject\",\"inLanguage\":\"sv-SE\",\"@id\":\"https:\\\/\\\/nordicinternetsolutions.com\\\/#\\\/schema\\\/logo\\\/image\\\/\",\"url\":\"https:\\\/\\\/nordicinternetsolutions.com\\\/wp-content\\\/uploads\\\/2026\\\/03\\\/Logo-Complete-transparant.png\",\"contentUrl\":\"https:\\\/\\\/nordicinternetsolutions.com\\\/wp-content\\\/uploads\\\/2026\\\/03\\\/Logo-Complete-transparant.png\",\"width\":634,\"height\":163,\"caption\":\"Nordic Internet Solutions AB | Web Design & Digital Strategy\"},\"image\":{\"@id\":\"https:\\\/\\\/nordicinternetsolutions.com\\\/#\\\/schema\\\/logo\\\/image\\\/\"},\"sameAs\":[\"https:\\\/\\\/www.facebook.com\\\/profile.php?id=61585601183693\"]}]}<\/script>\n<!-- \/ Yoast SEO plugin. -->","yoast_head_json":{"title":"flytta till molnet - Nordic Internet Solutions AB | Webbdesign &amp; Digital Strategi","robots":{"index":"index","follow":"follow","max-snippet":"max-snippet:-1","max-image-preview":"max-image-preview:large","max-video-preview":"max-video-preview:-1"},"canonical":"https:\/\/nordicinternetsolutions.com\/sv\/att-flytta-till-molnet\/","og_locale":"sv_SE","og_type":"article","og_title":"moving to the cloud - Nordic Internet Solutions AB | Web Design &amp; Digital Strategy","og_url":"https:\/\/nordicinternetsolutions.com\/sv\/att-flytta-till-molnet\/","og_site_name":"Nordic Internet Solutions AB | Web Design &amp; Digital Strategy","article_publisher":"https:\/\/www.facebook.com\/profile.php?id=61585601183693","article_modified_time":"2026-04-16T16:53:30+00:00","twitter_card":"summary_large_image","schema":{"@context":"https:\/\/schema.org","@graph":[{"@type":"WebPage","@id":"https:\/\/nordicinternetsolutions.com\/moving-to-the-cloud\/","url":"https:\/\/nordicinternetsolutions.com\/moving-to-the-cloud\/","name":"flytta till molnet - Nordic Internet Solutions AB | Webbdesign &amp; Digital Strategi","isPartOf":{"@id":"https:\/\/nordicinternetsolutions.com\/#website"},"datePublished":"2026-03-14T10:28:36+00:00","dateModified":"2026-04-16T16:53:30+00:00","breadcrumb":{"@id":"https:\/\/nordicinternetsolutions.com\/moving-to-the-cloud\/#breadcrumb"},"inLanguage":"sv-SE","potentialAction":[{"@type":"ReadAction","target":["https:\/\/nordicinternetsolutions.com\/moving-to-the-cloud\/"]}]},{"@type":"BreadcrumbList","@id":"https:\/\/nordicinternetsolutions.com\/moving-to-the-cloud\/#breadcrumb","itemListElement":[{"@type":"ListItem","position":1,"name":"Home","item":"https:\/\/nordicinternetsolutions.com\/"},{"@type":"ListItem","position":2,"name":"moving to the cloud"}]},{"@type":"WebSite","@id":"https:\/\/nordicinternetsolutions.com\/#website","url":"https:\/\/nordicinternetsolutions.com\/","name":"Nordic Internet Solutions AB | Webbdesign &amp; Digital strategi","description":"Din partner f\u00f6r skalbara webbl\u00f6sningar och nordisk excellens","publisher":{"@id":"https:\/\/nordicinternetsolutions.com\/#organization"},"potentialAction":[{"@type":"SearchAction","target":{"@type":"EntryPoint","urlTemplate":"https:\/\/nordicinternetsolutions.com\/?s={search_term_string}"},"query-input":{"@type":"PropertyValueSpecification","valueRequired":true,"valueName":"search_term_string"}}],"inLanguage":"sv-SE"},{"@type":"Organization","@id":"https:\/\/nordicinternetsolutions.com\/#organization","name":"Nordic Internet Solutions AB | Webbdesign &amp; Digital strategi","url":"https:\/\/nordicinternetsolutions.com\/","logo":{"@type":"ImageObject","inLanguage":"sv-SE","@id":"https:\/\/nordicinternetsolutions.com\/#\/schema\/logo\/image\/","url":"https:\/\/nordicinternetsolutions.com\/wp-content\/uploads\/2026\/03\/Logo-Complete-transparant.png","contentUrl":"https:\/\/nordicinternetsolutions.com\/wp-content\/uploads\/2026\/03\/Logo-Complete-transparant.png","width":634,"height":163,"caption":"Nordic Internet Solutions AB | Web Design & Digital Strategy"},"image":{"@id":"https:\/\/nordicinternetsolutions.com\/#\/schema\/logo\/image\/"},"sameAs":["https:\/\/www.facebook.com\/profile.php?id=61585601183693"]}]}},"_links":{"self":[{"href":"https:\/\/nordicinternetsolutions.com\/sv\/wp-json\/wp\/v2\/pages\/374","targetHints":{"allow":["GET"]}}],"collection":[{"href":"https:\/\/nordicinternetsolutions.com\/sv\/wp-json\/wp\/v2\/pages"}],"about":[{"href":"https:\/\/nordicinternetsolutions.com\/sv\/wp-json\/wp\/v2\/types\/page"}],"author":[{"embeddable":true,"href":"https:\/\/nordicinternetsolutions.com\/sv\/wp-json\/wp\/v2\/users\/2"}],"replies":[{"embeddable":true,"href":"https:\/\/nordicinternetsolutions.com\/sv\/wp-json\/wp\/v2\/comments?post=374"}],"version-history":[{"count":13,"href":"https:\/\/nordicinternetsolutions.com\/sv\/wp-json\/wp\/v2\/pages\/374\/revisions"}],"predecessor-version":[{"id":224762,"href":"https:\/\/nordicinternetsolutions.com\/sv\/wp-json\/wp\/v2\/pages\/374\/revisions\/224762"}],"wp:attachment":[{"href":"https:\/\/nordicinternetsolutions.com\/sv\/wp-json\/wp\/v2\/media?parent=374"}],"curies":[{"name":"wp","href":"https:\/\/api.w.org\/{rel}","templated":true}]}}