{"id":331,"date":"2026-03-12T14:27:03","date_gmt":"2026-03-12T14:27:03","guid":{"rendered":"https:\/\/nordicinternetsolutions.com\/?page_id=331"},"modified":"2026-04-16T16:39:23","modified_gmt":"2026-04-16T16:39:23","slug":"home","status":"publish","type":"page","link":"https:\/\/nordicinternetsolutions.com\/sv\/","title":{"rendered":"home"},"content":{"rendered":"<div class=\"et_pb_section_0 et_pb_section et_section_regular et_block_section et-pb-has-background-video et_pb_preload\"><span class=\"et-pb-background-video\"><video autoplay loop playsinline muted><source type=\"video\/mp4\" src=\"https:\/\/nordicinternetsolutions.com\/wp-content\/uploads\/2026\/03\/Laptop_Keyboard_View1920x1080.mp4\" \/><\/video><\/span><span class=\"et-pb-background-video et-pb-background-video_phone\"><\/span>\n<div class=\"et_pb_row_0 et_pb_row et_block_row et_animated\">\n<div class=\"et_pb_column_0 et_pb_column et_pb_column_4_4 et-last-child et_block_column et_pb_css_mix_blend_mode_passthrough\">\n<div class=\"et_pb_text_0 et_pb_text et_pb_bg_layout_dark et_pb_module et_flex_module et_pb_text_align_center\"><div class=\"et_pb_text_inner\"><h1>Fullservice<\/h1>\n<h1>Webbdesign<\/h1>\n<h1>IT-l\u00f6sningar<\/h1>\n<p>\u00a0<\/p>\n<\/div>\n<div class=\"et_pb_icon_0 et_pb_icon et_pb_module et_flex_module\"><span class=\"et_pb_icon_wrap\" data-icon=\"Z\"><span class=\"et-pb-icon\">Z<\/span><\/span><\/div>\n<\/div>\n<\/div>\n<\/div>\n<\/div>\n\n<div class=\"et_pb_section_1 et_pb_section et_section_regular et_block_section\">\n<div class=\"et_pb_row_1 et_pb_row et_block_row\">\n<div class=\"et_pb_column_1 et_pb_column et_pb_column_4_4 et-last-child et_block_column et_pb_css_mix_blend_mode_passthrough\">\n<section class=\"et_pb_fullwidth_header_0 et_pb_fullwidth_header et_pb_bg_layout_dark et_pb_text_align_center et_pb_module et_flex_module\"><div class=\"et_pb_fullwidth_header_container center\"><div class=\"header-content-container center\"><div class=\"header-content et_flex_module\"><h1 class=\"et_pb_module_header\">Nordic Internet Solutions<\/h1><span class=\"et_pb_fullwidth_header_subhead\">g\u00e5r l\u00e4ngre<\/span><div class=\"et_pb_header_button_wrapper\"><\/div><\/div><\/div><\/div><div class=\"et_pb_fullwidth_header_overlay\"><\/div><div class=\"et_pb_fullwidth_header_scroll\"><\/div><\/section>\n<\/div>\n<\/div>\n\n<div class=\"et_pb_row_2 et_pb_row et_flex_row\">\n<div class=\"et_pb_column_2 et_pb_column et_block_column et_pb_css_mix_blend_mode_passthrough et_flex_column_24_24 et_flex_column_24_24_tablet et_flex_column_24_24_phone\">\n<div class=\"et_pb_blurb_0 et_pb_blurb et_pb_bg_layout_light et_pb_text_align_left et_pb_blurb_position_top et_animated et_pb_module et_block_module\"><div class=\"et_pb_blurb_content\"><div class=\"et_pb_main_blurb_image\"><span class=\"et_pb_image_wrap\"><span class=\"et-pb-icon et_animated et_animated\">\uf4c4<\/span><\/span><\/div><div class=\"et_pb_blurb_container\"><h1 class=\"et_pb_module_header\">tillf\u00f6rlitlig<\/h1><div class=\"et_pb_blurb_description\" data-et-mv-hidden-phone=\"true\"><p style=\"text-align: left;\">\"P\u00e5 Nordic Internet Solutions ser vi dig inte bara som en kund, vi ser dig som en partner. Vi vet hur viktigt det \u00e4r att ha n\u00e5gon du verkligen kan luta dig mot. D\u00e4rf\u00f6r g\u00f6r vi mer \u00e4n vad som f\u00f6rv\u00e4ntas f\u00f6r att finnas d\u00e4r n\u00e4r det g\u00e4ller, h\u00e5ller v\u00e5ra l\u00f6ften och ser till ditt b\u00e4sta. Med oss \u00e4r du i trygga h\u00e4nder, hela v\u00e4gen.\"<\/p>\n<\/div><\/div><\/div><\/div>\n<\/div>\n\n<div class=\"et_pb_column_3 et_pb_column et_block_column et_pb_css_mix_blend_mode_passthrough et_flex_column_24_24 et_flex_column_24_24_tablet et_flex_column_24_24_phone\">\n<div class=\"et_pb_blurb_1 et_pb_blurb et_pb_bg_layout_light et_pb_text_align_left et_pb_blurb_position_top et_animated et_pb_module et_block_module\"><div class=\"et_pb_blurb_content\"><div class=\"et_pb_main_blurb_image\"><span class=\"et_pb_image_wrap\"><span class=\"et-pb-icon et_animated et_animated\">\ue06e<\/span><\/span><\/div><div class=\"et_pb_blurb_container\"><h1 class=\"et_pb_module_header\">nyckeln till framg\u00e5ng<\/h1><div class=\"et_pb_blurb_description\" data-et-mv-hidden-phone=\"true\"><p style=\"text-align: left;\">\"P\u00e5 Nordic Internet Solutions tror vi att tekniken ska fungera f\u00f6r dig, inte tv\u00e4rtom.<br \/>Nyckeln till din framg\u00e5ng \u00e4r ett partnerskap som bygger p\u00e5 f\u00f6rst\u00e5else f\u00f6r dina m\u00e5l. Vi f\u00f6renklar det komplexa och banar v\u00e4g f\u00f6r tillv\u00e4xt, och tillhandah\u00e5ller de p\u00e5litliga IT-l\u00f6sningar du beh\u00f6ver f\u00f6r att fokusera p\u00e5 det du g\u00f6r b\u00e4st.<span><\/span><\/p>\n<\/div><\/div><\/div><\/div>\n<\/div>\n\n<div class=\"et_pb_column_4 et_pb_column et-last-child et_block_column et_pb_css_mix_blend_mode_passthrough et_flex_column_24_24 et_flex_column_24_24_tablet et_flex_column_24_24_phone\">\n<div class=\"et_pb_blurb_2 et_pb_blurb et_pb_bg_layout_light et_pb_text_align_left et_pb_blurb_position_top et_animated et_pb_module et_block_module\"><div class=\"et_pb_blurb_content\"><div class=\"et_pb_main_blurb_image\"><span class=\"et_pb_image_wrap\"><span class=\"et-pb-icon et_animated et_animated\">\ue0e3<\/span><\/span><\/div><div class=\"et_pb_blurb_container\"><h1 class=\"et_pb_module_header\">innovation<\/h1><div class=\"et_pb_blurb_description\"><div class=\"Y3BBE\" data-sfc-cp=\"\" jsaction=\"rcuQ6b:&amp;XpIz4_f|npT2md\" jscontroller=\"zcfIf\" jsuid=\"XpIz4_f\" data-sfc-cb=\"\" data-hveid=\"CAEIAhAA\" data-complete=\"true\" data-processed=\"true\" style=\"text-align: left;\">\"P\u00e5 Nordic Internet Solutions ligger vi steget f\u00f6re s\u00e5 att du inte beh\u00f6ver g\u00f6ra det. Vi tror att nyckeln till din framg\u00e5ng ligger i att omfamna de senaste IT-innovationerna med en m\u00e4nsklig touch. Lita p\u00e5 oss f\u00f6r att h\u00e5lla ditt f\u00f6retag framtidss\u00e4kert och agilt. Tillsammans f\u00f6rvandlar vi de nyaste teknikerna till din dagliga f\u00f6rdel.\"\u00a0 \u00a0 \u00a0 \u00a0 \u00a0 \u00a0 \u00a0 \u00a0 \u00a0 \u00a0 \u00a0 \u00a0 \u00a0 \u00a0 \u00a0 \u00a0 \u00a0 \u00a0 \u00a0 \u00a0 \u00a0 \u00a0 \u00a0 \u00a0 \u00a0 \u00a0 \u00a0 \u00a0 \u00a0 \u00a0 \u00a0 \u00a0 \u00a0 \u00a0 \u00a0 \u00a0 \u00a0 \u00a0 \u00a0 \u00a0 \u00a0 \u00a0 \u00a0<\/div>\n<\/div><\/div><\/div><\/div>\n<\/div>\n<\/div>\n\n<div class=\"et_pb_row_3 et_pb_row et-vb-row--no-module et_flex_row\">\n<div class=\"et_pb_column_5 et_pb_column et-last-child et_flex_column et_pb_column_empty et_pb_css_mix_blend_mode_passthrough et_flex_column_24_24 et_flex_column_24_24_tablet et_flex_column_24_24_phone\"><\/div>\n<\/div>\n\n<div class=\"et_pb_row_4 et_pb_row et_flex_row\">\n<div class=\"et_pb_column_6 et_pb_column et-last-child et_flex_column et_pb_css_mix_blend_mode_passthrough et_flex_column_24_24 et_flex_column_24_24_tablet et_flex_column_24_24_phone\">\n<div class=\"et_pb_text_1 et_pb_text et_pb_bg_layout_light et_animated et_pb_module et_flex_module\"><div class=\"et_pb_text_inner\" data-et-mv-hidden-phone=\"true\"><p>P\u00e5 Nordic Internet Solutions har vi valt att inte anv\u00e4nda sm\u00f6rja kr\u00e5set eller s\u00e4ljknep,<br \/>men helt enkelt f\u00f6r att vara tydlig med vad vi kan g\u00f6ra f\u00f6r dig. <br \/>P\u00e5litlig, tydlig och prisv\u00e4rd. Det \u00e4r vad vi st\u00e5r f\u00f6r.<\/p>\n<\/div><\/div>\n<\/div>\n<\/div>\n<\/div>","protected":false},"excerpt":{"rendered":"","protected":false},"author":2,"featured_media":0,"parent":0,"menu_order":0,"comment_status":"closed","ping_status":"closed","template":"","meta":{"footnotes":""},"class_list":["post-331","page","type-page","status-publish","hentry"],"yoast_head":"<!-- This site is optimized with the Yoast SEO plugin v27.5 - https:\/\/yoast.com\/product\/yoast-seo-wordpress\/ -->\n<title>home - Nordic Internet Solutions AB | Web Design &amp; Digital Strategy<\/title>\n<meta name=\"robots\" content=\"index, follow, max-snippet:-1, max-image-preview:large, max-video-preview:-1\" \/>\n<link rel=\"canonical\" href=\"https:\/\/nordicinternetsolutions.com\/sv\/\" \/>\n<meta property=\"og:locale\" content=\"sv_SE\" \/>\n<meta property=\"og:type\" content=\"article\" \/>\n<meta property=\"og:title\" content=\"home - Nordic Internet Solutions AB | Web Design &amp; Digital Strategy\" \/>\n<meta property=\"og:url\" content=\"https:\/\/nordicinternetsolutions.com\/sv\/\" \/>\n<meta property=\"og:site_name\" content=\"Nordic Internet Solutions AB | Web Design &amp; Digital Strategy\" \/>\n<meta property=\"article:publisher\" content=\"https:\/\/www.facebook.com\/profile.php?id=61585601183693\" \/>\n<meta property=\"article:modified_time\" content=\"2026-04-16T16:39:23+00:00\" \/>\n<meta name=\"twitter:card\" content=\"summary_large_image\" \/>\n<script type=\"application\/ld+json\" class=\"yoast-schema-graph\">{\"@context\":\"https:\\\/\\\/schema.org\",\"@graph\":[{\"@type\":\"WebPage\",\"@id\":\"https:\\\/\\\/nordicinternetsolutions.com\\\/\",\"url\":\"https:\\\/\\\/nordicinternetsolutions.com\\\/\",\"name\":\"home - Nordic Internet Solutions AB | Web Design &amp; Digital Strategy\",\"isPartOf\":{\"@id\":\"https:\\\/\\\/nordicinternetsolutions.com\\\/#website\"},\"datePublished\":\"2026-03-12T14:27:03+00:00\",\"dateModified\":\"2026-04-16T16:39:23+00:00\",\"breadcrumb\":{\"@id\":\"https:\\\/\\\/nordicinternetsolutions.com\\\/#breadcrumb\"},\"inLanguage\":\"sv-SE\",\"potentialAction\":[{\"@type\":\"ReadAction\",\"target\":[\"https:\\\/\\\/nordicinternetsolutions.com\\\/\"]}]},{\"@type\":\"BreadcrumbList\",\"@id\":\"https:\\\/\\\/nordicinternetsolutions.com\\\/#breadcrumb\",\"itemListElement\":[{\"@type\":\"ListItem\",\"position\":1,\"name\":\"Home\",\"item\":\"https:\\\/\\\/nordicinternetsolutions.com\\\/\"},{\"@type\":\"ListItem\",\"position\":2,\"name\":\"home\"}]},{\"@type\":\"WebSite\",\"@id\":\"https:\\\/\\\/nordicinternetsolutions.com\\\/#website\",\"url\":\"https:\\\/\\\/nordicinternetsolutions.com\\\/\",\"name\":\"Nordic Internet Solutions AB | Web Design & Digital Strategy\",\"description\":\"Your partner for scalable web solutions and Nordic excellence\",\"publisher\":{\"@id\":\"https:\\\/\\\/nordicinternetsolutions.com\\\/#organization\"},\"potentialAction\":[{\"@type\":\"SearchAction\",\"target\":{\"@type\":\"EntryPoint\",\"urlTemplate\":\"https:\\\/\\\/nordicinternetsolutions.com\\\/?s={search_term_string}\"},\"query-input\":{\"@type\":\"PropertyValueSpecification\",\"valueRequired\":true,\"valueName\":\"search_term_string\"}}],\"inLanguage\":\"sv-SE\"},{\"@type\":\"Organization\",\"@id\":\"https:\\\/\\\/nordicinternetsolutions.com\\\/#organization\",\"name\":\"Nordic Internet Solutions AB | Web Design & Digital Strategy\",\"url\":\"https:\\\/\\\/nordicinternetsolutions.com\\\/\",\"logo\":{\"@type\":\"ImageObject\",\"inLanguage\":\"sv-SE\",\"@id\":\"https:\\\/\\\/nordicinternetsolutions.com\\\/#\\\/schema\\\/logo\\\/image\\\/\",\"url\":\"https:\\\/\\\/nordicinternetsolutions.com\\\/wp-content\\\/uploads\\\/2026\\\/03\\\/Logo-Complete-transparant.png\",\"contentUrl\":\"https:\\\/\\\/nordicinternetsolutions.com\\\/wp-content\\\/uploads\\\/2026\\\/03\\\/Logo-Complete-transparant.png\",\"width\":634,\"height\":163,\"caption\":\"Nordic Internet Solutions AB | Web Design & Digital Strategy\"},\"image\":{\"@id\":\"https:\\\/\\\/nordicinternetsolutions.com\\\/#\\\/schema\\\/logo\\\/image\\\/\"},\"sameAs\":[\"https:\\\/\\\/www.facebook.com\\\/profile.php?id=61585601183693\"]}]}<\/script>\n<!-- \/ Yoast SEO plugin. -->","yoast_head_json":{"title":"hem - Nordic Internet Solutions AB | Webbdesign &amp; Digital strategi","robots":{"index":"index","follow":"follow","max-snippet":"max-snippet:-1","max-image-preview":"max-image-preview:large","max-video-preview":"max-video-preview:-1"},"canonical":"https:\/\/nordicinternetsolutions.com\/sv\/","og_locale":"sv_SE","og_type":"article","og_title":"home - Nordic Internet Solutions AB | Web Design &amp; Digital Strategy","og_url":"https:\/\/nordicinternetsolutions.com\/sv\/","og_site_name":"Nordic Internet Solutions AB | Web Design &amp; Digital Strategy","article_publisher":"https:\/\/www.facebook.com\/profile.php?id=61585601183693","article_modified_time":"2026-04-16T16:39:23+00:00","twitter_card":"summary_large_image","schema":{"@context":"https:\/\/schema.org","@graph":[{"@type":"WebPage","@id":"https:\/\/nordicinternetsolutions.com\/","url":"https:\/\/nordicinternetsolutions.com\/","name":"hem - Nordic Internet Solutions AB | Webbdesign &amp; Digital strategi","isPartOf":{"@id":"https:\/\/nordicinternetsolutions.com\/#website"},"datePublished":"2026-03-12T14:27:03+00:00","dateModified":"2026-04-16T16:39:23+00:00","breadcrumb":{"@id":"https:\/\/nordicinternetsolutions.com\/#breadcrumb"},"inLanguage":"sv-SE","potentialAction":[{"@type":"ReadAction","target":["https:\/\/nordicinternetsolutions.com\/"]}]},{"@type":"BreadcrumbList","@id":"https:\/\/nordicinternetsolutions.com\/#breadcrumb","itemListElement":[{"@type":"ListItem","position":1,"name":"Home","item":"https:\/\/nordicinternetsolutions.com\/"},{"@type":"ListItem","position":2,"name":"home"}]},{"@type":"WebSite","@id":"https:\/\/nordicinternetsolutions.com\/#website","url":"https:\/\/nordicinternetsolutions.com\/","name":"Nordic Internet Solutions AB | Webbdesign &amp; Digital strategi","description":"Din partner f\u00f6r skalbara webbl\u00f6sningar och nordisk excellens","publisher":{"@id":"https:\/\/nordicinternetsolutions.com\/#organization"},"potentialAction":[{"@type":"SearchAction","target":{"@type":"EntryPoint","urlTemplate":"https:\/\/nordicinternetsolutions.com\/?s={search_term_string}"},"query-input":{"@type":"PropertyValueSpecification","valueRequired":true,"valueName":"search_term_string"}}],"inLanguage":"sv-SE"},{"@type":"Organization","@id":"https:\/\/nordicinternetsolutions.com\/#organization","name":"Nordic Internet Solutions AB | Webbdesign &amp; Digital strategi","url":"https:\/\/nordicinternetsolutions.com\/","logo":{"@type":"ImageObject","inLanguage":"sv-SE","@id":"https:\/\/nordicinternetsolutions.com\/#\/schema\/logo\/image\/","url":"https:\/\/nordicinternetsolutions.com\/wp-content\/uploads\/2026\/03\/Logo-Complete-transparant.png","contentUrl":"https:\/\/nordicinternetsolutions.com\/wp-content\/uploads\/2026\/03\/Logo-Complete-transparant.png","width":634,"height":163,"caption":"Nordic Internet Solutions AB | Web Design & Digital Strategy"},"image":{"@id":"https:\/\/nordicinternetsolutions.com\/#\/schema\/logo\/image\/"},"sameAs":["https:\/\/www.facebook.com\/profile.php?id=61585601183693"]}]}},"_links":{"self":[{"href":"https:\/\/nordicinternetsolutions.com\/sv\/wp-json\/wp\/v2\/pages\/331","targetHints":{"allow":["GET"]}}],"collection":[{"href":"https:\/\/nordicinternetsolutions.com\/sv\/wp-json\/wp\/v2\/pages"}],"about":[{"href":"https:\/\/nordicinternetsolutions.com\/sv\/wp-json\/wp\/v2\/types\/page"}],"author":[{"embeddable":true,"href":"https:\/\/nordicinternetsolutions.com\/sv\/wp-json\/wp\/v2\/users\/2"}],"replies":[{"embeddable":true,"href":"https:\/\/nordicinternetsolutions.com\/sv\/wp-json\/wp\/v2\/comments?post=331"}],"version-history":[{"count":58,"href":"https:\/\/nordicinternetsolutions.com\/sv\/wp-json\/wp\/v2\/pages\/331\/revisions"}],"predecessor-version":[{"id":224748,"href":"https:\/\/nordicinternetsolutions.com\/sv\/wp-json\/wp\/v2\/pages\/331\/revisions\/224748"}],"wp:attachment":[{"href":"https:\/\/nordicinternetsolutions.com\/sv\/wp-json\/wp\/v2\/media?parent=331"}],"curies":[{"name":"wp","href":"https:\/\/api.w.org\/{rel}","templated":true}]}}