{"id":290,"date":"2026-03-12T13:37:30","date_gmt":"2026-03-12T13:37:30","guid":{"rendered":"https:\/\/nordicinternetsolutions.com\/?page_id=290"},"modified":"2026-04-16T16:44:53","modified_gmt":"2026-04-16T16:44:53","slug":"wordpress","status":"publish","type":"page","link":"https:\/\/nordicinternetsolutions.com\/sv\/wordpress\/","title":{"rendered":"wordpress"},"content":{"rendered":"<div class=\"et_pb_section_0 et_pb_section et_section_regular et_block_section\"><span class=\"et-pb-background-video\"><\/span>\n<div class=\"et_pb_row_0 et_pb_row et-vb-row--no-module et_flex_row\">\n<div class=\"et_pb_column_0 et_pb_column et-last-child et_flex_column et_pb_column_empty et_pb_css_mix_blend_mode_passthrough et_flex_column_24_24 et_flex_column_24_24_tablet et_flex_column_24_24_phone\"><\/div>\n<\/div>\n\n<div class=\"et_pb_row_1 et_pb_row et_block_row et_animated\">\n<div class=\"et_pb_column_1 et_pb_column et_pb_column_4_4 et-last-child et_block_column et_pb_css_mix_blend_mode_passthrough\">\n<div class=\"et_pb_text_0 et_pb_text et_pb_bg_layout_dark et_pb_module et_block_module et_pb_text_align_center\"><div class=\"et_pb_text_inner\"><h1>WordPress<\/h1>\n<p>\u00a0<\/p>\n<\/div>\n<div class=\"et_pb_icon_0 et_pb_icon et_pb_module et_flex_module\"><span class=\"et_pb_icon_wrap\" data-icon=\"Z\"><span class=\"et-pb-icon\">Z<\/span><\/span><\/div>\n<\/div>\n<\/div>\n<\/div>\n<\/div>\n\n<div class=\"et_pb_section_1 et_pb_section et_section_regular et_flex_section\">\n<div class=\"et_pb_row_2 et_pb_row et_block_row\">\n<div class=\"et_pb_column_2 et_pb_column et_pb_column_4_4 et-last-child et_block_column et_pb_css_mix_blend_mode_passthrough\">\n<section class=\"et_pb_fullwidth_header_0 et_pb_fullwidth_header et_pb_bg_layout_dark et_pb_text_align_center et_animated et_pb_module et_flex_module\"><div class=\"et_pb_fullwidth_header_container center\"><div class=\"header-content-container center\"><div class=\"header-content et_flex_module\"><h1 class=\"et_pb_module_header\">WordPress \u00e4r det ultimata<\/h1><span class=\"et_pb_fullwidth_header_subhead\">Plattform f\u00f6r modern webbdesign<\/span><div class=\"et_pb_header_button_wrapper\"><\/div><\/div><\/div><\/div><div class=\"et_pb_fullwidth_header_overlay\"><\/div><div class=\"et_pb_fullwidth_header_scroll\"><\/div><\/section>\n<\/div>\n<\/div>\n\n<div class=\"et_pb_row_3 et_pb_row et_block_row\">\n<div class=\"et_pb_column_3 et_pb_column et_pb_column_4_4 et-last-child et_block_column et_pb_css_mix_blend_mode_passthrough\">\n<div class=\"et_pb_text_1 et_pb_text et_pb_bg_layout_light et_animated et_pb_module et_flex_module\"><div class=\"et_pb_text_inner\"><div data-sn-op=\"2\">\n<h1 class=\"Y3BBE\" jsaction=\"rcuQ6b:&amp;YhOmA_j|npT2md\" jscontroller=\"zcfIf\" data-sfc-root=\"c\" jsuid=\"YhOmA_j\" data-hveid=\"CAMQAA\" style=\"text-align: left;\">I den snabba digitala designv\u00e4rlden, att v\u00e4lja<br \/>Den r\u00e4tta grunden f\u00f6r en webbplats \u00e4r avg\u00f6rande.<\/h1>\n<h1 class=\"Y3BBE\" jsaction=\"rcuQ6b:&amp;YhOmA_j|npT2md\" jscontroller=\"zcfIf\" data-sfc-root=\"c\" jsuid=\"YhOmA_j\" data-hveid=\"CAMQAA\" style=\"text-align: left;\">Vid<span>\u00a0<\/span><strong class=\"Yjhzub\" jsaction=\"\" jscontroller=\"zYmgkd\" data-sfc-root=\"c\" jsuid=\"YhOmA_k\" data-sfc-cb=\"\">Nordiska Internetl\u00f6sningar, <\/strong>vi specialiserar oss p\u00e5 att skapa kundanpassade,<br \/>prestandawebbplatser, och v\u00e5r plattform \u00e4r<span>\u00a0<\/span><strong class=\"Yjhzub\" jsaction=\"\" jscontroller=\"zYmgkd\" data-sfc-root=\"c\" jsuid=\"YhOmA_l\" data-sfc-cb=\"\">WordPress<\/strong>.<\/h1>\n<\/div>\n<div data-sn-op=\"2\">\n<h1 class=\"Y3BBE\" jsaction=\"rcuQ6b:&amp;YhOmA_m|npT2md\" jscontroller=\"zcfIf\" data-sfc-root=\"c\" jsuid=\"YhOmA_m\" data-hveid=\"CAQQAA\" style=\"text-align: left;\">Driver \u00f6ver 55% av alla webbplatser p\u00e5 internet, fr\u00e5n sm\u00e5f\u00f6retag till globala varum\u00e4rken, <strong>WordPress<\/strong> \u00e4r l\u00e5ngt mer \u00e4n bara ett bloggverktyg. Det \u00e4r det mest m\u00e5ngsidiga, skalbara och anv\u00e4ndarv\u00e4nliga<br \/>Inneh\u00e5llshanteringssystem (CMS) tillg\u00e4ngliga idag.<br \/><span>H\u00e4r \u00e4r varf\u00f6r vi litar p\u00e5 <strong>WordPress<\/strong> att leverera enast\u00e5ende<br \/><\/span><span> resultat f\u00f6r v\u00e5ra kunder. Prova sj\u00e4lv och uppt\u00e4ck det.<\/span><\/h1>\n<\/div>\n<\/div><\/div>\n<\/div>\n<\/div>\n\n<div class=\"et_pb_row_4 et_pb_row et-vb-row--no-module et_flex_row\">\n<div class=\"et_pb_column_4 et_pb_column et-last-child et_flex_column et_pb_column_empty et_pb_css_mix_blend_mode_passthrough et_flex_column_24_24 et_flex_column_24_24_tablet et_flex_column_24_24_phone\"><\/div>\n<\/div>\n\n<div class=\"et_pb_row_5 et_pb_row et_flex_row\">\n<div class=\"et_pb_column_5 et_pb_column et_flex_column et_pb_css_mix_blend_mode_passthrough et_flex_column_8_24 et_flex_column_8_24_tablet et_flex_column_24_24_phone\">\n<div class=\"et_pb_blurb_0 et_pb_blurb et_pb_bg_layout_dark et_pb_blurb_position_top et_animated et_pb_module et_flex_module\"><div class=\"et_pb_blurb_content et_flex_module\"><div class=\"et_pb_main_blurb_image\"><span class=\"et_pb_image_wrap\"><span class=\"et-pb-icon et_animated et_animated\">\ue02d<\/span><\/span><\/div><div class=\"et_pb_blurb_container\"><h1 class=\"et_pb_module_header\">Utm\u00e4rkta SEO-funktioner<\/h1><div class=\"et_pb_blurb_description\"><div data-sn-op=\"2\">\n<div class=\"Y3BBE\" data-sfc-cp=\"\" jsaction=\"rcuQ6b:&amp;YhOmA_y|npT2md\" jscontroller=\"zcfIf\" data-sfc-root=\"c\" jsuid=\"YhOmA_y\" data-sfc-cb=\"\" data-hveid=\"CAoQAA\">En vacker webbplats \u00e4r v\u00e4rdel\u00f6s om ingen kan hitta den. WordPress \u00e4r utformat med b\u00e4sta praxis f\u00f6r s\u00f6kmotoroptimering (SEO) i \u00e5tanke.<\/div>\n<\/div>\n<div data-sn-op=\"2\">\n<ul class=\"KsbFXc U6u95\" jsaction=\"\" jscontroller=\"mPWODf\" data-sfc-root=\"c\" jsuid=\"YhOmA_z\" data-sfc-cb=\"\">\n<li class=\"dF3vjf\" jsaction=\"\" jscontroller=\"vsuOFb\" data-sfc-root=\"c\" jsuid=\"YhOmA_10\" data-sfc-cb=\"\" data-hveid=\"CAsQAA\"><span class=\"T286Pc\" data-sfc-cp=\"\" jsaction=\"\" jscontroller=\"fly6D\" data-sfc-root=\"c\" jsuid=\"YhOmA_11\" data-sfc-cb=\"\"><strong class=\"Yjhzub\" jsaction=\"\" jscontroller=\"zYmgkd\" data-sfc-root=\"c\" jsuid=\"YhOmA_12\" data-sfc-cb=\"\">Ren kod:<\/strong><span>\u00a0<\/span>WordPress producerar semantiskt ren kod som s\u00f6kmotorer \u00e4lskar.<\/span><\/li>\n<li class=\"dF3vjf\" jsaction=\"\" jscontroller=\"vsuOFb\" data-sfc-root=\"c\" jsuid=\"YhOmA_13\" data-sfc-cb=\"\" data-hveid=\"CAsQAQ\"><span class=\"T286Pc\" data-sfc-cp=\"\" jsaction=\"\" jscontroller=\"fly6D\" data-sfc-root=\"c\" jsuid=\"YhOmA_14\" data-sfc-cb=\"\"><strong class=\"Yjhzub\" jsaction=\"\" jscontroller=\"zYmgkd\" data-sfc-root=\"c\" jsuid=\"YhOmA_15\" data-sfc-cb=\"\">SEO-plugins:<\/strong><span>\u00a0<\/span>Vi integrerar kraftfulla verktyg som Yoast SEO eller Rank Math f\u00f6r att enkelt optimera dina metabeskrivningar, webbplatskartor och inneh\u00e5ll.<\/span><\/li>\n<li class=\"dF3vjf\" jsaction=\"\" jscontroller=\"vsuOFb\" data-sfc-root=\"c\" jsuid=\"YhOmA_16\" data-sfc-cb=\"\" data-hveid=\"CAsQAg\"><span class=\"T286Pc\" data-sfc-cp=\"\" jsaction=\"\" jscontroller=\"fly6D\" data-sfc-root=\"c\" jsuid=\"YhOmA_17\" data-sfc-cb=\"\"><strong class=\"Yjhzub\" jsaction=\"\" jscontroller=\"zYmgkd\" data-sfc-root=\"c\" jsuid=\"YhOmA_18\" data-sfc-cb=\"\">Snabba laddningstider:<\/strong><span>\u00a0<\/span>Med korrekt optimering \u00e4r WordPress-sidor snabba, vilket \u00e4r en viktig rankningsfaktor f\u00f6r Google.<\/span><\/li>\n<\/ul>\n<\/div>\n<\/div><\/div><\/div><\/div>\n<\/div>\n\n<div class=\"et_pb_column_6 et_pb_column et_flex_column et_pb_css_mix_blend_mode_passthrough et_flex_column_8_24 et_flex_column_8_24_tablet et_flex_column_24_24_phone\">\n<div class=\"et_pb_blurb_1 et_pb_blurb et_pb_bg_layout_dark et_pb_blurb_position_top et_animated et_pb_module et_flex_module\"><div class=\"et_pb_blurb_content et_flex_module\"><div class=\"et_pb_main_blurb_image\"><span class=\"et_pb_image_wrap\"><span class=\"et-pb-icon et_animated et_animated\">\uf0c0<\/span><\/span><\/div><div class=\"et_pb_blurb_container\"><h1 class=\"et_pb_module_header\">Anv\u00e4ndarv\u00e4nlig inneh\u00e5llshantering<\/h1><div class=\"et_pb_blurb_description\"><div data-sn-op=\"2\">\n<div class=\"Y3BBE\" data-sfc-cp=\"\" jsaction=\"rcuQ6b:&amp;YhOmA_u|npT2md\" jscontroller=\"zcfIf\" data-sfc-root=\"c\" jsuid=\"YhOmA_u\" data-sfc-cb=\"\" data-hveid=\"CAgQAA\">Vi tror p\u00e5 att ge v\u00e5ra kunder makt. En webbplats b\u00f6r vara en tillg\u00e5ng du kan kontrollera, inte ett system som kr\u00e4ver en utvecklare f\u00f6r varje liten \u00e4ndring.<\/div>\n<\/div>\n<div data-sn-op=\"2\">\n<div class=\"Y3BBE\" data-sfc-cp=\"\" jsaction=\"rcuQ6b:&amp;YhOmA_v|npT2md\" jscontroller=\"zcfIf\" data-sfc-root=\"c\" jsuid=\"YhOmA_v\" data-sfc-cb=\"\" data-hveid=\"CAkQAA\">WordPress har en intuitiv instrumentpanel som g\u00f6r det otroligt enkelt att uppdatera text, byta ut bilder eller publicera blogginl\u00e4gg, \u00e4ven f\u00f6r icke-tekniska anv\u00e4ndare.<\/div>\n<\/div>\n<\/div><\/div><\/div><\/div>\n<\/div>\n\n<div class=\"et_pb_column_7 et_pb_column et-last-child et_flex_column et_pb_css_mix_blend_mode_passthrough et_flex_column_8_24 et_flex_column_8_24_tablet et_flex_column_24_24_phone\">\n<div class=\"et_pb_blurb_2 et_pb_blurb et_pb_bg_layout_dark et_pb_blurb_position_top et_animated et_pb_module et_flex_module\"><div class=\"et_pb_blurb_content et_flex_module\"><div class=\"et_pb_main_blurb_image\"><span class=\"et_pb_image_wrap\"><span class=\"et-pb-icon et_animated et_animated\">\uf5c3<\/span><\/span><\/div><div class=\"et_pb_blurb_container\"><h1 class=\"et_pb_module_header\">O\u00f6vertr\u00e4ffad anpassning och designflexibilitet<\/h1><div class=\"et_pb_blurb_description\"><div data-sn-op=\"2\">\n<div class=\"Y3BBE\" data-sfc-cp=\"\" jsaction=\"rcuQ6b:&amp;YhOmA_q|npT2md\" jscontroller=\"zcfIf\" data-sfc-root=\"c\" jsuid=\"YhOmA_q\" data-sfc-cb=\"\" data-hveid=\"CAYQAA\">Tiden av stela, mallbaserade l\u00f6sningar \u00e4r f\u00f6rbi. Med modern WordPress-utveckling skapar vi helt skr\u00e4ddarsydda, pixelperfekta designer som \u00e4r anpassade specifikt f\u00f6r din varum\u00e4rkesidentitet.<\/div>\n<\/div>\n<div data-sn-op=\"2\">\n<div class=\"Y3BBE\" data-sfc-cp=\"\" jsaction=\"rcuQ6b:&amp;YhOmA_r|npT2md\" jscontroller=\"zcfIf\" data-sfc-root=\"c\" jsuid=\"YhOmA_r\" data-sfc-cb=\"\" data-hveid=\"CAcQAA\">Oavsett om du beh\u00f6ver en minimalistisk portf\u00f6lj, en komplex f\u00f6retagswebbplats eller en funktionsrik e-handelsbutik, erbjuder WordPress den \u00f6ppen k\u00e4llkodsarkitektur som kr\u00e4vs f\u00f6r att f\u00f6rverkliga det. Vi utnyttjar avancerade sidbyggare och rena kodningsmetoder f\u00f6r att s\u00e4kerst\u00e4lla att din webbplats \u00e4r unik, responsiv och engagerande.<\/div>\n<\/div>\n<\/div><\/div><\/div><\/div>\n<\/div>\n<\/div>\n\n<div class=\"et_pb_row_6 et_pb_row et_flex_row\">\n<div class=\"et_pb_column_8 et_pb_column et_flex_column et_pb_css_mix_blend_mode_passthrough et_flex_column_8_24 et_flex_column_8_24_tablet et_flex_column_24_24_phone\">\n<div class=\"et_pb_blurb_3 et_pb_blurb et_pb_bg_layout_dark et_pb_blurb_position_top et_animated et_pb_module et_flex_module\"><div class=\"et_pb_blurb_content et_flex_module\"><div class=\"et_pb_main_blurb_image\"><span class=\"et_pb_image_wrap\"><span class=\"et-pb-icon et_animated et_animated\">\ue038<\/span><\/span><\/div><div class=\"et_pb_blurb_container\"><h1 class=\"et_pb_module_header\">Redo att h\u00f6ja din digitala n\u00e4rvaro?<\/h1><div class=\"et_pb_blurb_description\"><div data-sn-op=\"2\">\n<div class=\"Y3BBE\" data-sfc-cp=\"\" jsaction=\"rcuQ6b:&amp;Ld3uMd_12|npT2md\" jscontroller=\"zcfIf\" data-sfc-root=\"c\" jsuid=\"Ld3uMd_12\" data-sfc-cb=\"\" data-hveid=\"CAoQAA\"><span>Vid\u00a0<\/span><strong class=\"Yjhzub\" jsaction=\"\" jscontroller=\"zYmgkd\" data-sfc-root=\"c\" jsuid=\"YhOmA_1m\" data-sfc-cb=\"\">Nordiska Internetl\u00f6sningar<\/strong><span>, vi bygger inte bara webbplatser; vi skapar digitala upplevelser som driver tillv\u00e4xt. Genom att kombinera kraften i WordPress med v\u00e5ra expertm\u00e4ssiga designkunskaper levererar vi en webbplats som ser fantastisk ut, fungerar felfritt och rankas bra.<\/span><\/div>\n<\/div>\n<div data-sn-op=\"2\">\n<div class=\"Fsg96\" data-sfc-cp=\"\" jsaction=\"rcuQ6b:&amp;Ld3uMd_13|npT2md\" jscontroller=\"KHhJQ\" data-sfc-root=\"c\" jsuid=\"Ld3uMd_13\" data-sfc-cb=\"\"><\/div>\n<\/div>\n<\/div><\/div><\/div><\/div>\n<\/div>\n\n<div class=\"et_pb_column_9 et_pb_column et_flex_column et_pb_css_mix_blend_mode_passthrough et_flex_column_8_24 et_flex_column_8_24_tablet et_flex_column_24_24_phone\">\n<div class=\"et_pb_blurb_4 et_pb_blurb et_pb_bg_layout_dark et_pb_blurb_position_top et_animated et_pb_module et_flex_module\"><div class=\"et_pb_blurb_content et_flex_module\"><div class=\"et_pb_main_blurb_image\"><span class=\"et_pb_image_wrap\"><span class=\"et-pb-icon et_animated et_animated\">\ue06c<\/span><\/span><\/div><div class=\"et_pb_blurb_container\"><h1 class=\"et_pb_module_header\">S\u00e4kerhet och support<\/h1><div class=\"et_pb_blurb_description\"><p><span>Med r\u00e4tt underh\u00e5ll \u00e4r WordPress en s\u00e4ker och stabil plattform. Eftersom det \u00e4r \u00f6ppen k\u00e4llkod kan det stoltsera med en global gemenskap som st\u00e4ndigt arbetar med s\u00e4kerhetsuppdateringar, vilket s\u00e4kerst\u00e4ller att din webbplats f\u00f6rblir skyddad mot hot. Vid <b>Nordic Internet Solutions<\/b><\/span><span>, vi tillhandah\u00e5ller l\u00f6pande underh\u00e5ll och h\u00e5ller dina plugins, teman och WordPress-k\u00e4rna uppdaterade.<\/span><\/p>\n<\/div><\/div><\/div><\/div>\n<\/div>\n\n<div class=\"et_pb_column_10 et_pb_column et-last-child et_flex_column et_pb_css_mix_blend_mode_passthrough et_flex_column_8_24 et_flex_column_8_24_tablet et_flex_column_24_24_phone\">\n<div class=\"et_pb_blurb_5 et_pb_blurb et_pb_bg_layout_dark et_pb_blurb_position_top et_animated et_pb_module et_flex_module\"><div class=\"et_pb_blurb_content et_flex_module\"><div class=\"et_pb_main_blurb_image\"><span class=\"et_pb_image_wrap\"><span class=\"et-pb-icon et_animated et_animated\">\uf4c1<\/span><\/span><\/div><div class=\"et_pb_blurb_container\"><h1 class=\"et_pb_module_header\">Skalbarhet f\u00f6r tillv\u00e4xt med ditt f\u00f6retag<\/h1><div class=\"et_pb_blurb_description\"><p><span>En WordPress-webbplats kan b\u00f6rja litet och v\u00e4xa till en stor, komplex plattform utan att kr\u00e4va ett plattformsbyte. Oavsett om du hanterar hundratals eller miljontals bes\u00f6kare, tillhandah\u00e5ller WordPress arkitekturen f\u00f6r tillv\u00e4xt, inklusive robust anv\u00e4ndarhantering f\u00f6r olika teammedlemmar.<\/span><\/p>\n<\/div><\/div><\/div><\/div>\n<\/div>\n<\/div>\n<\/div>","protected":false},"excerpt":{"rendered":"","protected":false},"author":2,"featured_media":0,"parent":0,"menu_order":0,"comment_status":"closed","ping_status":"closed","template":"","meta":{"footnotes":""},"class_list":["post-290","page","type-page","status-publish","hentry"],"yoast_head":"<!-- This site is optimized with the Yoast SEO plugin v27.5 - https:\/\/yoast.com\/product\/yoast-seo-wordpress\/ -->\n<title>wordpress - Nordic Internet Solutions AB | Web Design &amp; Digital Strategy<\/title>\n<meta name=\"robots\" content=\"index, follow, max-snippet:-1, max-image-preview:large, max-video-preview:-1\" \/>\n<link rel=\"canonical\" href=\"https:\/\/nordicinternetsolutions.com\/sv\/wordpress\/\" \/>\n<meta property=\"og:locale\" content=\"sv_SE\" \/>\n<meta property=\"og:type\" content=\"article\" \/>\n<meta property=\"og:title\" content=\"wordpress - Nordic Internet Solutions AB | Web Design &amp; Digital Strategy\" \/>\n<meta property=\"og:url\" content=\"https:\/\/nordicinternetsolutions.com\/sv\/wordpress\/\" \/>\n<meta property=\"og:site_name\" content=\"Nordic Internet Solutions AB | Web Design &amp; Digital Strategy\" \/>\n<meta property=\"article:publisher\" content=\"https:\/\/www.facebook.com\/profile.php?id=61585601183693\" \/>\n<meta property=\"article:modified_time\" content=\"2026-04-16T16:44:53+00:00\" \/>\n<meta name=\"twitter:card\" content=\"summary_large_image\" \/>\n<script type=\"application\/ld+json\" class=\"yoast-schema-graph\">{\"@context\":\"https:\\\/\\\/schema.org\",\"@graph\":[{\"@type\":\"WebPage\",\"@id\":\"https:\\\/\\\/nordicinternetsolutions.com\\\/wordpress\\\/\",\"url\":\"https:\\\/\\\/nordicinternetsolutions.com\\\/wordpress\\\/\",\"name\":\"wordpress - Nordic Internet Solutions AB | Web Design &amp; Digital Strategy\",\"isPartOf\":{\"@id\":\"https:\\\/\\\/nordicinternetsolutions.com\\\/#website\"},\"datePublished\":\"2026-03-12T13:37:30+00:00\",\"dateModified\":\"2026-04-16T16:44:53+00:00\",\"breadcrumb\":{\"@id\":\"https:\\\/\\\/nordicinternetsolutions.com\\\/wordpress\\\/#breadcrumb\"},\"inLanguage\":\"sv-SE\",\"potentialAction\":[{\"@type\":\"ReadAction\",\"target\":[\"https:\\\/\\\/nordicinternetsolutions.com\\\/wordpress\\\/\"]}]},{\"@type\":\"BreadcrumbList\",\"@id\":\"https:\\\/\\\/nordicinternetsolutions.com\\\/wordpress\\\/#breadcrumb\",\"itemListElement\":[{\"@type\":\"ListItem\",\"position\":1,\"name\":\"Home\",\"item\":\"https:\\\/\\\/nordicinternetsolutions.com\\\/\"},{\"@type\":\"ListItem\",\"position\":2,\"name\":\"wordpress\"}]},{\"@type\":\"WebSite\",\"@id\":\"https:\\\/\\\/nordicinternetsolutions.com\\\/#website\",\"url\":\"https:\\\/\\\/nordicinternetsolutions.com\\\/\",\"name\":\"Nordic Internet Solutions AB | Web Design & Digital Strategy\",\"description\":\"Your partner for scalable web solutions and Nordic excellence\",\"publisher\":{\"@id\":\"https:\\\/\\\/nordicinternetsolutions.com\\\/#organization\"},\"potentialAction\":[{\"@type\":\"SearchAction\",\"target\":{\"@type\":\"EntryPoint\",\"urlTemplate\":\"https:\\\/\\\/nordicinternetsolutions.com\\\/?s={search_term_string}\"},\"query-input\":{\"@type\":\"PropertyValueSpecification\",\"valueRequired\":true,\"valueName\":\"search_term_string\"}}],\"inLanguage\":\"sv-SE\"},{\"@type\":\"Organization\",\"@id\":\"https:\\\/\\\/nordicinternetsolutions.com\\\/#organization\",\"name\":\"Nordic Internet Solutions AB | Web Design & Digital Strategy\",\"url\":\"https:\\\/\\\/nordicinternetsolutions.com\\\/\",\"logo\":{\"@type\":\"ImageObject\",\"inLanguage\":\"sv-SE\",\"@id\":\"https:\\\/\\\/nordicinternetsolutions.com\\\/#\\\/schema\\\/logo\\\/image\\\/\",\"url\":\"https:\\\/\\\/nordicinternetsolutions.com\\\/wp-content\\\/uploads\\\/2026\\\/03\\\/Logo-Complete-transparant.png\",\"contentUrl\":\"https:\\\/\\\/nordicinternetsolutions.com\\\/wp-content\\\/uploads\\\/2026\\\/03\\\/Logo-Complete-transparant.png\",\"width\":634,\"height\":163,\"caption\":\"Nordic Internet Solutions AB | Web Design & Digital Strategy\"},\"image\":{\"@id\":\"https:\\\/\\\/nordicinternetsolutions.com\\\/#\\\/schema\\\/logo\\\/image\\\/\"},\"sameAs\":[\"https:\\\/\\\/www.facebook.com\\\/profile.php?id=61585601183693\"]}]}<\/script>\n<!-- \/ Yoast SEO plugin. -->","yoast_head_json":{"title":"wordpress \u2013 Nordic Internet Solutions AB | Webbdesign &amp; Digital Strategi","robots":{"index":"index","follow":"follow","max-snippet":"max-snippet:-1","max-image-preview":"max-image-preview:large","max-video-preview":"max-video-preview:-1"},"canonical":"https:\/\/nordicinternetsolutions.com\/sv\/wordpress\/","og_locale":"sv_SE","og_type":"article","og_title":"wordpress - Nordic Internet Solutions AB | Web Design &amp; Digital Strategy","og_url":"https:\/\/nordicinternetsolutions.com\/sv\/wordpress\/","og_site_name":"Nordic Internet Solutions AB | Web Design &amp; Digital Strategy","article_publisher":"https:\/\/www.facebook.com\/profile.php?id=61585601183693","article_modified_time":"2026-04-16T16:44:53+00:00","twitter_card":"summary_large_image","schema":{"@context":"https:\/\/schema.org","@graph":[{"@type":"WebPage","@id":"https:\/\/nordicinternetsolutions.com\/wordpress\/","url":"https:\/\/nordicinternetsolutions.com\/wordpress\/","name":"wordpress \u2013 Nordic Internet Solutions AB | Webbdesign &amp; Digital Strategi","isPartOf":{"@id":"https:\/\/nordicinternetsolutions.com\/#website"},"datePublished":"2026-03-12T13:37:30+00:00","dateModified":"2026-04-16T16:44:53+00:00","breadcrumb":{"@id":"https:\/\/nordicinternetsolutions.com\/wordpress\/#breadcrumb"},"inLanguage":"sv-SE","potentialAction":[{"@type":"ReadAction","target":["https:\/\/nordicinternetsolutions.com\/wordpress\/"]}]},{"@type":"BreadcrumbList","@id":"https:\/\/nordicinternetsolutions.com\/wordpress\/#breadcrumb","itemListElement":[{"@type":"ListItem","position":1,"name":"Home","item":"https:\/\/nordicinternetsolutions.com\/"},{"@type":"ListItem","position":2,"name":"wordpress"}]},{"@type":"WebSite","@id":"https:\/\/nordicinternetsolutions.com\/#website","url":"https:\/\/nordicinternetsolutions.com\/","name":"Nordic Internet Solutions AB | Webbdesign &amp; Digital strategi","description":"Din partner f\u00f6r skalbara webbl\u00f6sningar och nordisk excellens","publisher":{"@id":"https:\/\/nordicinternetsolutions.com\/#organization"},"potentialAction":[{"@type":"SearchAction","target":{"@type":"EntryPoint","urlTemplate":"https:\/\/nordicinternetsolutions.com\/?s={search_term_string}"},"query-input":{"@type":"PropertyValueSpecification","valueRequired":true,"valueName":"search_term_string"}}],"inLanguage":"sv-SE"},{"@type":"Organization","@id":"https:\/\/nordicinternetsolutions.com\/#organization","name":"Nordic Internet Solutions AB | Webbdesign &amp; Digital strategi","url":"https:\/\/nordicinternetsolutions.com\/","logo":{"@type":"ImageObject","inLanguage":"sv-SE","@id":"https:\/\/nordicinternetsolutions.com\/#\/schema\/logo\/image\/","url":"https:\/\/nordicinternetsolutions.com\/wp-content\/uploads\/2026\/03\/Logo-Complete-transparant.png","contentUrl":"https:\/\/nordicinternetsolutions.com\/wp-content\/uploads\/2026\/03\/Logo-Complete-transparant.png","width":634,"height":163,"caption":"Nordic Internet Solutions AB | Web Design & Digital Strategy"},"image":{"@id":"https:\/\/nordicinternetsolutions.com\/#\/schema\/logo\/image\/"},"sameAs":["https:\/\/www.facebook.com\/profile.php?id=61585601183693"]}]}},"_links":{"self":[{"href":"https:\/\/nordicinternetsolutions.com\/sv\/wp-json\/wp\/v2\/pages\/290","targetHints":{"allow":["GET"]}}],"collection":[{"href":"https:\/\/nordicinternetsolutions.com\/sv\/wp-json\/wp\/v2\/pages"}],"about":[{"href":"https:\/\/nordicinternetsolutions.com\/sv\/wp-json\/wp\/v2\/types\/page"}],"author":[{"embeddable":true,"href":"https:\/\/nordicinternetsolutions.com\/sv\/wp-json\/wp\/v2\/users\/2"}],"replies":[{"embeddable":true,"href":"https:\/\/nordicinternetsolutions.com\/sv\/wp-json\/wp\/v2\/comments?post=290"}],"version-history":[{"count":18,"href":"https:\/\/nordicinternetsolutions.com\/sv\/wp-json\/wp\/v2\/pages\/290\/revisions"}],"predecessor-version":[{"id":224754,"href":"https:\/\/nordicinternetsolutions.com\/sv\/wp-json\/wp\/v2\/pages\/290\/revisions\/224754"}],"wp:attachment":[{"href":"https:\/\/nordicinternetsolutions.com\/sv\/wp-json\/wp\/v2\/media?parent=290"}],"curies":[{"name":"wp","href":"https:\/\/api.w.org\/{rel}","templated":true}]}}