{"id":289,"date":"2026-03-12T13:37:30","date_gmt":"2026-03-12T13:37:30","guid":{"rendered":"https:\/\/nordicinternetsolutions.com\/?page_id=289"},"modified":"2026-04-16T16:57:49","modified_gmt":"2026-04-16T16:57:49","slug":"kontakt","status":"publish","type":"page","link":"https:\/\/nordicinternetsolutions.com\/sv\/contact\/","title":{"rendered":"kontakt"},"content":{"rendered":"<div class=\"et_pb_section_0 et_pb_section et_section_regular et_block_section\"><span class=\"et-pb-background-video\"><\/span>\n<div class=\"et_pb_row_0 et_pb_row et_block_row et_animated\">\n<div class=\"et_pb_column_0 et_pb_column et_pb_column_4_4 et-last-child et_block_column et_pb_css_mix_blend_mode_passthrough\">\n<div class=\"et_pb_text_0 et_pb_text et_pb_bg_layout_dark et_pb_module et_block_module et_pb_text_align_center\"><div class=\"et_pb_text_inner\"><h1>Contact us<\/h1>\n<p>\u00a0<\/p>\n<\/div>\n<div class=\"et_pb_icon_0 et_pb_icon et_pb_module et_flex_module\"><span class=\"et_pb_icon_wrap\" data-icon=\"Z\"><span class=\"et-pb-icon\">Z<\/span><\/span><\/div>\n<\/div>\n<\/div>\n<\/div>\n<\/div>\n\n<div class=\"et_pb_section_1 et_pb_section et_section_regular et_block_section\">\n<div class=\"et_pb_row_1 et_pb_row et_block_row\">\n<div class=\"et_pb_column_1 et_pb_column et_pb_column_4_4 et-last-child et_block_column et_pb_css_mix_blend_mode_passthrough\">\n<section class=\"et_pb_fullwidth_header_0 et_pb_fullwidth_header et_pb_bg_layout_dark et_pb_text_align_center et_pb_module et_flex_module\"><div class=\"et_pb_fullwidth_header_container center\"><div class=\"header-content-container center\"><div class=\"header-content et_flex_module\"><h1 class=\"et_pb_module_header\">Should you have any questions, <\/h1><span class=\"et_pb_fullwidth_header_subhead\">please do not hesitate to contact us.<\/span><div class=\"et_pb_header_button_wrapper\"><\/div><\/div><\/div><\/div><div class=\"et_pb_fullwidth_header_overlay\"><\/div><div class=\"et_pb_fullwidth_header_scroll\"><\/div><\/section>\n<\/div>\n<\/div>\n\n<div class=\"et_pb_row_2 et_pb_row et_flex_row\">\n<div class=\"et_pb_column_2 et_pb_column et-last-child et_flex_column et_pb_css_mix_blend_mode_passthrough et_flex_column_24_24 et_flex_column_24_24_tablet et_flex_column_24_24_phone\">\n<div class=\"wpforms_divi_form_selector_0 wpforms_divi_form_selector et_pb_module\"><div class=\"et_pb_module_inner\"><style id=\"wpforms-css-vars-223919\">\n\t\t\t\t#wpforms-223919 {\n\t\t\t\t--wpforms-field-background-color: #d3dde7;\n--wpforms-field-border-color: rgba(0, 0, 0, 0.25);\n--wpforms-field-border-color-spare: rgba(0, 0, 0, 0.25);\n--wpforms-field-text-color: 1d393c;\n--wpforms-label-color: #d3dde7;\n--wpforms-label-sublabel-color: #d3dde7;\n--wpforms-button-border-radius: 10px;\n--wpforms-button-background-color: #1d393c;\n--wpforms-button-text-color: #fffbe4;\n--wpforms-field-size-input-height: 43px;\n--wpforms-field-size-input-spacing: 15px;\n--wpforms-field-size-font-size: 16px;\n--wpforms-field-size-line-height: 19px;\n--wpforms-field-size-padding-h: 14px;\n--wpforms-field-size-checkbox-size: 16px;\n--wpforms-field-size-sublabel-spacing: 5px;\n--wpforms-field-size-icon-size: 1;\n--wpforms-label-size-font-size: 16px;\n--wpforms-label-size-line-height: 19px;\n--wpforms-label-size-sublabel-font-size: 14px;\n--wpforms-label-size-sublabel-line-height: 17px;\n--wpforms-button-size-font-size: 17px;\n--wpforms-button-size-height: 41px;\n--wpforms-button-size-padding-h: 15px;\n--wpforms-button-size-margin-top: 10px;\n--wpforms-container-shadow-size-box-shadow: none;\n\t\t\t}\n\t\t\t<\/style><div class=\"wpforms-container wpforms-container-full wpforms-render-modern\" id=\"wpforms-223919\"><form id=\"wpforms-form-223919\" class=\"wpforms-validate wpforms-form wpforms-ajax-form\" data-formid=\"223919\" method=\"post\" enctype=\"multipart\/form-data\" action=\"\/sv\/wp-json\/wp\/v2\/pages\/289\" data-token=\"d3f89bf30489feda14da1a7197d087ed\" data-token-time=\"1778689705\"><noscript class=\"wpforms-error-noscript\">Aktivera JavaScript i din webbl\u00e4sare f\u00f6r att fylla i formul\u00e4ret.<\/noscript><div id=\"wpforms-error-noscript\" style=\"display: none;\">Aktivera JavaScript i din webbl\u00e4sare f\u00f6r att fylla i formul\u00e4ret.<\/div><div class=\"wpforms-field-container\"><div id=\"wpforms-223919-field_2-container\" class=\"wpforms-field wpforms-field-name\" data-field-id=\"2\"><fieldset><legend class=\"wpforms-field-label\">Name <span class=\"wpforms-required-label\" aria-hidden=\"true\">*<\/span><\/legend><div class=\"wpforms-field-row wpforms-field-large\"><div class=\"wpforms-field-row-block wpforms-first wpforms-one-half\"><input type=\"text\" id=\"wpforms-223919-field_2\" class=\"wpforms-field-name-first wpforms-field-required\" name=\"wpforms[fields][2][first]\" aria-errormessage=\"wpforms-223919-field_2-error\" required><label for=\"wpforms-223919-field_2\" class=\"wpforms-field-sublabel after\">F\u00f6rst<\/label><\/div><div class=\"wpforms-field-row-block wpforms-one-half\"><input type=\"text\" id=\"wpforms-223919-field_2-last\" class=\"wpforms-field-name-last wpforms-field-required\" name=\"wpforms[fields][2][last]\" aria-errormessage=\"wpforms-223919-field_2-last-error\" required><label for=\"wpforms-223919-field_2-last\" class=\"wpforms-field-sublabel after\">Sist<\/label><\/div><\/div><\/fieldset><\/div>\t\t<div id=\"wpforms-223919-field_1-container\"\n\t\t\tclass=\"wpforms-field wpforms-field-text\"\n\t\t\tdata-field-type=\"text\"\n\t\t\tdata-field-id=\"1\"\n\t\t\t>\n\t\t\t<label class=\"wpforms-field-label\" for=\"wpforms-223919-field_1\" >I Comment Email<\/label>\n\t\t\t<input type=\"text\" id=\"wpforms-223919-field_1\" class=\"wpforms-field-medium\" name=\"wpforms[fields][1]\" >\n\t\t<\/div>\n\t\t<div id=\"wpforms-223919-field_5-container\" class=\"wpforms-field wpforms-field-email\" data-field-id=\"5\"><label class=\"wpforms-field-label\" for=\"wpforms-223919-field_5\">Email <span class=\"wpforms-required-label\" aria-hidden=\"true\">*<\/span><\/label><input type=\"email\" id=\"wpforms-223919-field_5\" class=\"wpforms-field-large wpforms-field-required\" name=\"wpforms[fields][5]\" spellcheck=\"false\" aria-errormessage=\"wpforms-223919-field_5-error\" required><\/div><div id=\"wpforms-223919-field_11-container\" class=\"wpforms-field wpforms-field-select wpforms-field-select-style-classic\" data-field-id=\"11\"><label class=\"wpforms-field-label\" for=\"wpforms-223919-field_11\">I want more information about <span class=\"wpforms-required-label\" aria-hidden=\"true\">*<\/span><\/label><select id=\"wpforms-223919-field_11\" class=\"wpforms-field-large wpforms-field-required\" name=\"wpforms[fields][11]\" required=\"required\"><option value=\"\" class=\"placeholder\" disabled  selected='selected'>--- Select Choice ---<\/option><option value=\"Photo &amp; Filming\"  class=\"choice-5 depth-1\"  >Photo &amp; Filming<\/option><option value=\"A new website\"  class=\"choice-2 depth-1\"  >A new website<\/option><option value=\"Wordpress\"  class=\"choice-7 depth-1\"  >WordPress<\/option><option value=\"Webshop\"  class=\"choice-8 depth-1\"  >Webshop<\/option><option value=\"Web applications\"  class=\"choice-9 depth-1\"  >Web applications<\/option><option value=\"Hosting\"  class=\"choice-6 depth-1\"  >Hosting<\/option><option value=\"Prepaid Card\"  class=\"choice-11 depth-1\"  >Prepaid Card<\/option><option value=\"Consultacy\"  class=\"choice-10 depth-1\"  >Consultacy<\/option><option value=\"Moving to the Cloud\"  class=\"choice-4 depth-1\"  >Moving to the Cloud<\/option><\/select><\/div><div id=\"wpforms-223919-field_9-container\" class=\"wpforms-field wpforms-field-textarea\" data-field-id=\"9\"><label class=\"wpforms-field-label\" for=\"wpforms-223919-field_9\">Comment or Message<\/label><textarea id=\"wpforms-223919-field_9\" class=\"wpforms-field-medium\" name=\"wpforms[fields][9]\" aria-errormessage=\"wpforms-223919-field_9-error\" ><\/textarea><\/div><script>\n\t\t\t\t( function() {\n\t\t\t\t\tconst style = document.createElement( 'style' );\n\t\t\t\t\tstyle.appendChild( document.createTextNode( '#wpforms-223919-field_1-container { position: absolute !important; overflow: hidden !important; display: inline !important; height: 1px !important; width: 1px !important; z-index: -1000 !important; padding: 0 !important; } #wpforms-223919-field_1-container input { visibility: hidden; } #wpforms-conversational-form-page #wpforms-223919-field_1-container label { counter-increment: none; }' ) );\n\t\t\t\t\tdocument.head.appendChild( style );\n\t\t\t\t\tdocument.currentScript?.remove();\n\t\t\t\t} )();\n\t\t\t<\/script><\/div><!-- .wpforms-field-container --><div class=\"wpforms-recaptcha-container wpforms-is-recaptcha wpforms-is-recaptcha-type-v3\" ><input type=\"hidden\" name=\"wpforms[recaptcha]\" value=\"\"><\/div><div class=\"wpforms-submit-container\" ><input type=\"hidden\" name=\"wpforms[id]\" value=\"223919\"><input type=\"hidden\" name=\"page_title\" value=\"\"><input type=\"hidden\" name=\"page_url\" value=\"https:\/\/nordicinternetsolutions.com\/sv\/wp-json\/wp\/v2\/pages\/289\"><input type=\"hidden\" name=\"url_referer\" value=\"\"><button type=\"submit\" name=\"wpforms[submit]\" id=\"wpforms-submit-223919\" class=\"wpforms-submit\" data-alt-text=\"Sending...\" data-submit-text=\"Submit\" aria-live=\"assertive\" value=\"wpforms-submit\">Submit<\/button><img loading=\"lazy\" decoding=\"async\" src=\"https:\/\/nordicinternetsolutions.com\/wp-content\/plugins\/wpforms\/assets\/images\/submit-spin.svg\" class=\"wpforms-submit-spinner\" style=\"display: none;\" width=\"26\" height=\"26\" alt=\"Laddar\"><\/div><\/form><\/div>  <!-- .wpforms-container --><\/div><\/div>\n<\/div>\n<\/div>\n\n<div class=\"et_pb_row_3 et_pb_row et-vb-row--no-module et_flex_row\">\n<div class=\"et_pb_column_3 et_pb_column et-last-child et_flex_column et_pb_column_empty et_pb_css_mix_blend_mode_passthrough et_flex_column_24_24 et_flex_column_24_24_tablet et_flex_column_24_24_phone\"><\/div>\n<\/div>\n\n<div class=\"et_pb_row_4 et_pb_row et_flex_row\">\n<div class=\"et_pb_column_4 et_pb_column et-last-child et_flex_column et_pb_css_mix_blend_mode_passthrough et_flex_column_24_24 et_flex_column_24_24_tablet et_flex_column_24_24_phone\">\n<div class=\"et_pb_text_1 et_pb_text et_pb_bg_layout_light et_pb_module et_flex_module\"><div class=\"et_pb_text_inner\" data-et-mv-hidden-phone=\"true\"><p>Nordic Internet Solutions AB \u2022 Stendalsv\u00e4gen 12 \u2022 84431 Hammarstrand \u2022 J\u00e4mtland \u2022 Sweden<br \/><span>Organization number\u00a0<\/span>559568-2278 \u2022 Vat number SE 559569227801 \u2022 Approved for F-Tax<\/p>\n<\/div><\/div>\n<\/div>\n<\/div>\n<\/div>","protected":false},"excerpt":{"rendered":"","protected":false},"author":2,"featured_media":0,"parent":0,"menu_order":0,"comment_status":"closed","ping_status":"closed","template":"","meta":{"footnotes":""},"class_list":["post-289","page","type-page","status-publish","hentry"],"yoast_head":"<!-- This site is optimized with the Yoast SEO plugin v27.5 - https:\/\/yoast.com\/product\/yoast-seo-wordpress\/ -->\n<title>contact - Nordic Internet Solutions AB | Web Design &amp; Digital Strategy<\/title>\n<meta name=\"robots\" content=\"index, follow, max-snippet:-1, max-image-preview:large, max-video-preview:-1\" \/>\n<link rel=\"canonical\" href=\"https:\/\/nordicinternetsolutions.com\/sv\/kontakt\/\" \/>\n<meta property=\"og:locale\" content=\"sv_SE\" \/>\n<meta property=\"og:type\" content=\"article\" \/>\n<meta property=\"og:title\" content=\"contact - Nordic Internet Solutions AB | Web Design &amp; Digital Strategy\" \/>\n<meta property=\"og:url\" content=\"https:\/\/nordicinternetsolutions.com\/sv\/kontakt\/\" \/>\n<meta property=\"og:site_name\" content=\"Nordic Internet Solutions AB | Web Design &amp; Digital Strategy\" \/>\n<meta property=\"article:publisher\" content=\"https:\/\/www.facebook.com\/profile.php?id=61585601183693\" \/>\n<meta property=\"article:modified_time\" content=\"2026-04-16T16:57:49+00:00\" \/>\n<meta name=\"twitter:card\" content=\"summary_large_image\" \/>\n<script type=\"application\/ld+json\" class=\"yoast-schema-graph\">{\"@context\":\"https:\\\/\\\/schema.org\",\"@graph\":[{\"@type\":\"WebPage\",\"@id\":\"https:\\\/\\\/nordicinternetsolutions.com\\\/contact\\\/\",\"url\":\"https:\\\/\\\/nordicinternetsolutions.com\\\/contact\\\/\",\"name\":\"contact - Nordic Internet Solutions AB | Web Design &amp; Digital Strategy\",\"isPartOf\":{\"@id\":\"https:\\\/\\\/nordicinternetsolutions.com\\\/#website\"},\"datePublished\":\"2026-03-12T13:37:30+00:00\",\"dateModified\":\"2026-04-16T16:57:49+00:00\",\"breadcrumb\":{\"@id\":\"https:\\\/\\\/nordicinternetsolutions.com\\\/contact\\\/#breadcrumb\"},\"inLanguage\":\"sv-SE\",\"potentialAction\":[{\"@type\":\"ReadAction\",\"target\":[\"https:\\\/\\\/nordicinternetsolutions.com\\\/contact\\\/\"]}]},{\"@type\":\"BreadcrumbList\",\"@id\":\"https:\\\/\\\/nordicinternetsolutions.com\\\/contact\\\/#breadcrumb\",\"itemListElement\":[{\"@type\":\"ListItem\",\"position\":1,\"name\":\"Home\",\"item\":\"https:\\\/\\\/nordicinternetsolutions.com\\\/\"},{\"@type\":\"ListItem\",\"position\":2,\"name\":\"contact\"}]},{\"@type\":\"WebSite\",\"@id\":\"https:\\\/\\\/nordicinternetsolutions.com\\\/#website\",\"url\":\"https:\\\/\\\/nordicinternetsolutions.com\\\/\",\"name\":\"Nordic Internet Solutions AB | Web Design & Digital Strategy\",\"description\":\"Your partner for scalable web solutions and Nordic excellence\",\"publisher\":{\"@id\":\"https:\\\/\\\/nordicinternetsolutions.com\\\/#organization\"},\"potentialAction\":[{\"@type\":\"SearchAction\",\"target\":{\"@type\":\"EntryPoint\",\"urlTemplate\":\"https:\\\/\\\/nordicinternetsolutions.com\\\/?s={search_term_string}\"},\"query-input\":{\"@type\":\"PropertyValueSpecification\",\"valueRequired\":true,\"valueName\":\"search_term_string\"}}],\"inLanguage\":\"sv-SE\"},{\"@type\":\"Organization\",\"@id\":\"https:\\\/\\\/nordicinternetsolutions.com\\\/#organization\",\"name\":\"Nordic Internet Solutions AB | Web Design & Digital Strategy\",\"url\":\"https:\\\/\\\/nordicinternetsolutions.com\\\/\",\"logo\":{\"@type\":\"ImageObject\",\"inLanguage\":\"sv-SE\",\"@id\":\"https:\\\/\\\/nordicinternetsolutions.com\\\/#\\\/schema\\\/logo\\\/image\\\/\",\"url\":\"https:\\\/\\\/nordicinternetsolutions.com\\\/wp-content\\\/uploads\\\/2026\\\/03\\\/Logo-Complete-transparant.png\",\"contentUrl\":\"https:\\\/\\\/nordicinternetsolutions.com\\\/wp-content\\\/uploads\\\/2026\\\/03\\\/Logo-Complete-transparant.png\",\"width\":634,\"height\":163,\"caption\":\"Nordic Internet Solutions AB | Web Design & Digital Strategy\"},\"image\":{\"@id\":\"https:\\\/\\\/nordicinternetsolutions.com\\\/#\\\/schema\\\/logo\\\/image\\\/\"},\"sameAs\":[\"https:\\\/\\\/www.facebook.com\\\/profile.php?id=61585601183693\"]}]}<\/script>\n<!-- \/ Yoast SEO plugin. -->","yoast_head_json":{"title":"kontakt - Nordic Internet Solutions AB | Webbdesign &amp; Digital strategi","robots":{"index":"index","follow":"follow","max-snippet":"max-snippet:-1","max-image-preview":"max-image-preview:large","max-video-preview":"max-video-preview:-1"},"canonical":"https:\/\/nordicinternetsolutions.com\/sv\/kontakt\/","og_locale":"sv_SE","og_type":"article","og_title":"contact - Nordic Internet Solutions AB | Web Design &amp; Digital Strategy","og_url":"https:\/\/nordicinternetsolutions.com\/sv\/kontakt\/","og_site_name":"Nordic Internet Solutions AB | Web Design &amp; Digital Strategy","article_publisher":"https:\/\/www.facebook.com\/profile.php?id=61585601183693","article_modified_time":"2026-04-16T16:57:49+00:00","twitter_card":"summary_large_image","schema":{"@context":"https:\/\/schema.org","@graph":[{"@type":"WebPage","@id":"https:\/\/nordicinternetsolutions.com\/contact\/","url":"https:\/\/nordicinternetsolutions.com\/contact\/","name":"kontakt - Nordic Internet Solutions AB | Webbdesign &amp; Digital strategi","isPartOf":{"@id":"https:\/\/nordicinternetsolutions.com\/#website"},"datePublished":"2026-03-12T13:37:30+00:00","dateModified":"2026-04-16T16:57:49+00:00","breadcrumb":{"@id":"https:\/\/nordicinternetsolutions.com\/contact\/#breadcrumb"},"inLanguage":"sv-SE","potentialAction":[{"@type":"ReadAction","target":["https:\/\/nordicinternetsolutions.com\/contact\/"]}]},{"@type":"BreadcrumbList","@id":"https:\/\/nordicinternetsolutions.com\/contact\/#breadcrumb","itemListElement":[{"@type":"ListItem","position":1,"name":"Home","item":"https:\/\/nordicinternetsolutions.com\/"},{"@type":"ListItem","position":2,"name":"contact"}]},{"@type":"WebSite","@id":"https:\/\/nordicinternetsolutions.com\/#website","url":"https:\/\/nordicinternetsolutions.com\/","name":"Nordic Internet Solutions AB | Webbdesign &amp; Digital strategi","description":"Din partner f\u00f6r skalbara webbl\u00f6sningar och nordisk excellens","publisher":{"@id":"https:\/\/nordicinternetsolutions.com\/#organization"},"potentialAction":[{"@type":"SearchAction","target":{"@type":"EntryPoint","urlTemplate":"https:\/\/nordicinternetsolutions.com\/?s={search_term_string}"},"query-input":{"@type":"PropertyValueSpecification","valueRequired":true,"valueName":"search_term_string"}}],"inLanguage":"sv-SE"},{"@type":"Organization","@id":"https:\/\/nordicinternetsolutions.com\/#organization","name":"Nordic Internet Solutions AB | Webbdesign &amp; Digital strategi","url":"https:\/\/nordicinternetsolutions.com\/","logo":{"@type":"ImageObject","inLanguage":"sv-SE","@id":"https:\/\/nordicinternetsolutions.com\/#\/schema\/logo\/image\/","url":"https:\/\/nordicinternetsolutions.com\/wp-content\/uploads\/2026\/03\/Logo-Complete-transparant.png","contentUrl":"https:\/\/nordicinternetsolutions.com\/wp-content\/uploads\/2026\/03\/Logo-Complete-transparant.png","width":634,"height":163,"caption":"Nordic Internet Solutions AB | Web Design & Digital Strategy"},"image":{"@id":"https:\/\/nordicinternetsolutions.com\/#\/schema\/logo\/image\/"},"sameAs":["https:\/\/www.facebook.com\/profile.php?id=61585601183693"]}]}},"_links":{"self":[{"href":"https:\/\/nordicinternetsolutions.com\/sv\/wp-json\/wp\/v2\/pages\/289","targetHints":{"allow":["GET"]}}],"collection":[{"href":"https:\/\/nordicinternetsolutions.com\/sv\/wp-json\/wp\/v2\/pages"}],"about":[{"href":"https:\/\/nordicinternetsolutions.com\/sv\/wp-json\/wp\/v2\/types\/page"}],"author":[{"embeddable":true,"href":"https:\/\/nordicinternetsolutions.com\/sv\/wp-json\/wp\/v2\/users\/2"}],"replies":[{"embeddable":true,"href":"https:\/\/nordicinternetsolutions.com\/sv\/wp-json\/wp\/v2\/comments?post=289"}],"version-history":[{"count":75,"href":"https:\/\/nordicinternetsolutions.com\/sv\/wp-json\/wp\/v2\/pages\/289\/revisions"}],"predecessor-version":[{"id":224766,"href":"https:\/\/nordicinternetsolutions.com\/sv\/wp-json\/wp\/v2\/pages\/289\/revisions\/224766"}],"wp:attachment":[{"href":"https:\/\/nordicinternetsolutions.com\/sv\/wp-json\/wp\/v2\/media?parent=289"}],"curies":[{"name":"wp","href":"https:\/\/api.w.org\/{rel}","templated":true}]}}