{"id":286,"date":"2026-03-12T13:37:30","date_gmt":"2026-03-12T13:37:30","guid":{"rendered":"https:\/\/nordicinternetsolutions.com\/?page_id=286"},"modified":"2026-04-17T13:29:14","modified_gmt":"2026-04-17T13:29:14","slug":"varumarkesbyggande","status":"publish","type":"page","link":"https:\/\/nordicinternetsolutions.com\/sv\/branding\/","title":{"rendered":"Branding"},"content":{"rendered":"<div class=\"et_pb_section_0 et_pb_section et_section_regular et_block_section\"><span class=\"et-pb-background-video\"><\/span>\n<div class=\"et_pb_row_0 et_pb_row et_block_row et_animated\">\n<div class=\"et_pb_column_0 et_pb_column et_pb_column_4_4 et-last-child et_block_column et_pb_css_mix_blend_mode_passthrough\">\n<div class=\"et_pb_text_0 et_pb_text et_pb_bg_layout_dark et_pb_module et_block_module et_pb_text_align_center\"><div class=\"et_pb_text_inner\"><h1>Varum\u00e4rkesbyggande<\/h1>\n<p>\u00a0<\/p>\n<\/div>\n<div class=\"et_pb_icon_0 et_pb_icon et_pb_module et_flex_module\"><span class=\"et_pb_icon_wrap\" data-icon=\"Z\"><span class=\"et-pb-icon\">Z<\/span><\/span><\/div>\n<\/div>\n<\/div>\n<\/div>\n<\/div>\n\n<div class=\"et_pb_section_1 et_pb_section et_section_regular et_block_section\">\n<div class=\"et_pb_row_1 et_pb_row et_block_row\">\n<div class=\"et_pb_column_1 et_pb_column et_pb_column_4_4 et-last-child et_block_column et_pb_css_mix_blend_mode_passthrough\">\n<section class=\"et_pb_fullwidth_header_0 et_pb_fullwidth_header et_pb_bg_layout_dark et_pb_text_align_center et_animated et_pb_module et_flex_module\"><div class=\"et_pb_fullwidth_header_container center\"><div class=\"header-content-container center\"><div class=\"header-content et_flex_module\"><h1 class=\"et_pb_module_header\">Nordic Internet Solutions<\/h1><span class=\"et_pb_fullwidth_header_subhead\">varum\u00e4rkesbyggande \u00e4r allt<\/span><div class=\"et_pb_header_button_wrapper\"><\/div><\/div><\/div><\/div><div class=\"et_pb_fullwidth_header_overlay\"><\/div><div class=\"et_pb_fullwidth_header_scroll\"><\/div><\/section>\n<\/div>\n<\/div>\n\n<div class=\"et_pb_row_2 et_pb_row et_flex_row\">\n<div class=\"et_pb_column_2 et_pb_column et-last-child et_flex_column et_pb_css_mix_blend_mode_passthrough et_flex_column_24_24 et_flex_column_24_24_tablet et_flex_column_24_24_phone\">\n<div class=\"et_pb_row_3 et_pb_row et_pb_row_nested et_flex_row\">\n<div class=\"et_pb_column_3 et_pb_column et_block_column et_pb_css_mix_blend_mode_passthrough et_flex_column_24_24 et_flex_column_24_24_tablet et_flex_column_24_24_phone\">\n<div class=\"et_pb_blurb_0 et_pb_blurb et_pb_bg_layout_light et_pb_text_align_left et_pb_blurb_position_top et_animated et_pb_module et_block_module\"><div class=\"et_pb_blurb_content\"><div class=\"et_pb_main_blurb_image\"><span class=\"et_pb_image_wrap\"><span class=\"et-pb-icon et_animated et_animated\">\uf577<\/span><\/span><\/div><div class=\"et_pb_blurb_container\"><h1 class=\"et_pb_module_header\">varum\u00e4rkesidentitet<\/h1><div class=\"et_pb_blurb_description\"><p style=\"text-align: left;\">En \"varum\u00e4rkeswebbplats\" \u00e4r en webbplats som \u00e4r specifikt utformad f\u00f6r att f\u00f6rmedla och f\u00f6rst\u00e4rka varum\u00e4rkesidentiteten. Detta g\u00e5r ut\u00f6ver att bara visa information.<\/p>\n<p style=\"text-align: left;\">Visuella element <br \/>F\u00f6retagsidentitet, f\u00e4rgpalett, typografi (typsnitt) och logotyp.<\/p>\n<\/div><\/div><\/div><\/div>\n<\/div>\n\n<div class=\"et_pb_column_4 et_pb_column et_block_column et_pb_css_mix_blend_mode_passthrough et_flex_column_24_24 et_flex_column_24_24_tablet et_flex_column_24_24_phone\">\n<div class=\"et_pb_blurb_1 et_pb_blurb et_pb_bg_layout_light et_pb_text_align_left et_pb_blurb_position_top et_animated et_pb_module et_block_module\"><div class=\"et_pb_blurb_content\"><div class=\"et_pb_main_blurb_image\"><span class=\"et_pb_image_wrap\"><span class=\"et-pb-icon et_animated et_animated\">\uf130<\/span><\/span><\/div><div class=\"et_pb_blurb_container\"><h1 class=\"et_pb_module_header\">Varum\u00e4rkesimage<\/h1><div class=\"et_pb_blurb_description\"><p style=\"text-align: left;\">Varum\u00e4rkesimage<\/p>\n<p style=\"text-align: left;\">Hur tilltalar f\u00f6retaget kunden? (formellt\/informellt).<br \/>Visuellt spr\u00e5k: Anv\u00e4ndningen av enhetligt fotoinneh\u00e5ll eller specifika illustrationsstilar som passar varum\u00e4rket.<\/p>\n<\/div><\/div><\/div><\/div>\n<\/div>\n\n<div class=\"et_pb_column_5 et_pb_column et-last-child et_block_column et_pb_css_mix_blend_mode_passthrough et_flex_column_24_24 et_flex_column_24_24_tablet et_flex_column_24_24_phone\">\n<div class=\"et_pb_blurb_2 et_pb_blurb et_pb_bg_layout_light et_pb_text_align_left et_pb_blurb_position_top et_animated et_pb_module et_block_module\"><div class=\"et_pb_blurb_content\"><div class=\"et_pb_main_blurb_image\"><span class=\"et_pb_image_wrap\"><span class=\"et-pb-icon et_animated et_animated\">\uf3cd<\/span><\/span><\/div><div class=\"et_pb_blurb_container\"><h1 class=\"et_pb_module_header\">mobilv\u00e4nlig<\/h1><div class=\"et_pb_blurb_description\"><div class=\"Y3BBE\" data-sfc-cp=\"\" jsaction=\"rcuQ6b:&amp;XpIz4_f|npT2md\" jscontroller=\"zcfIf\" jsuid=\"XpIz4_f\" data-sfc-cb=\"\" data-hveid=\"CAEIAhAA\" data-complete=\"true\" data-processed=\"true\" style=\"text-align: left;\">\n<p>Anv\u00e4ndarupplevelse<\/p>\n<p>En professionell, snabbladdande och mobilanpassad webbplats \u00e4r avg\u00f6rande f\u00f6r trov\u00e4rdighet.<\/p>\n<\/div>\n<\/div><\/div><\/div><\/div>\n<\/div>\n<\/div>\n<\/div>\n<\/div>\n\n<div class=\"et_pb_row_4 et_pb_row et_block_row\">\n<div class=\"et_pb_column_6 et_pb_column et_pb_column_4_4 et-last-child et_block_column et_pb_css_mix_blend_mode_passthrough\">\n<div class=\"et_pb_divider_0 et_pb_divider et_pb_space et_pb_divider_position_top et_pb_module\"><div class=\"et_pb_divider_internal\"><\/div><\/div>\n<\/div>\n<\/div>\n\n<div class=\"et_pb_row_5 et_pb_row et_flex_row\">\n<div class=\"et_pb_column_7 et_pb_column et_flex_column et_pb_css_mix_blend_mode_passthrough et_flex_column_12_24 et_flex_column_12_24_tablet et_flex_column_24_24_phone\">\n<section class=\"et_pb_fullwidth_header_1 et_pb_fullwidth_header et_pb_bg_layout_dark et_pb_text_align_left et_animated et_pb_module et_flex_module\"><span class=\"et_pb_background_mask\"><\/span><div class=\"et_pb_fullwidth_header_container left\"><div class=\"header-content-container center\"><div class=\"header-content et_flex_module\"><h1 class=\"et_pb_module_header\">K\u00e4nnedomen<\/h1><div class=\"et_pb_header_content_wrapper\"><p>Ett starkt, konsekvent utseende<br \/>s\u00e4kerst\u00e4ller att du blir erk\u00e4nd<br \/>snabbare<\/p>\n<\/div><div class=\"et_pb_header_button_wrapper\"><\/div><\/div><\/div><\/div><div class=\"et_pb_fullwidth_header_overlay\"><\/div><div class=\"et_pb_fullwidth_header_scroll\"><\/div><\/section>\n<\/div>\n\n<div class=\"et_pb_column_8 et_pb_column et_flex_column et_pb_css_mix_blend_mode_passthrough et_flex_column_12_24 et_flex_column_12_24_tablet et_flex_column_24_24_phone\">\n<section class=\"et_pb_fullwidth_header_2 et_pb_fullwidth_header et_pb_bg_layout_dark et_pb_text_align_left et_animated et_pb_module et_flex_module\"><span class=\"et_pb_background_mask\"><\/span><div class=\"et_pb_fullwidth_header_container left\"><div class=\"header-content-container center\"><div class=\"header-content et_flex_module\"><h1 class=\"et_pb_module_header\">Tillit<\/h1><div class=\"et_pb_header_content_wrapper\"><p>Ett professionellt utseende<\/p>\n<p>p\u00e5 webbplatsen \u00f6kar<\/p>\n<p>f\u00f6rtroende bland potentiella kunder.<\/p>\n<\/div><div class=\"et_pb_header_button_wrapper\"><\/div><\/div><\/div><\/div><div class=\"et_pb_fullwidth_header_overlay\"><\/div><div class=\"et_pb_fullwidth_header_scroll\"><\/div><\/section>\n<\/div>\n\n<div class=\"et_pb_column_9 et_pb_column et_flex_column et_pb_css_mix_blend_mode_passthrough et_flex_column_12_24 et_flex_column_12_24_tablet et_flex_column_24_24_phone\">\n<section class=\"et_pb_fullwidth_header_3 et_pb_fullwidth_header et_pb_bg_layout_dark et_pb_text_align_left et_animated et_pb_module et_flex_module\"><span class=\"et_pb_background_mask\"><\/span><div class=\"et_pb_fullwidth_header_container left\"><div class=\"header-content-container center\"><div class=\"header-content et_flex_module\"><h1 class=\"et_pb_module_header\">K\u00e4nsla<\/h1><div class=\"et_pb_header_content_wrapper\"><p>Bra varum\u00e4rkesbyggande framkallar en k\u00e4nsla,<br \/>st\u00e4rka kopplingen<br \/>med m\u00e5lgruppen.<\/p>\n<\/div><div class=\"et_pb_header_button_wrapper\"><\/div><\/div><\/div><\/div><div class=\"et_pb_fullwidth_header_overlay\"><\/div><div class=\"et_pb_fullwidth_header_scroll\"><\/div><\/section>\n<\/div>\n\n<div class=\"et_pb_column_10 et_pb_column et-last-child et_flex_column et_pb_css_mix_blend_mode_passthrough et_flex_column_12_24 et_flex_column_12_24_tablet et_flex_column_24_24_phone\">\n<section class=\"et_pb_fullwidth_header_4 et_pb_fullwidth_header et_pb_bg_layout_dark et_pb_text_align_left et_animated et_pb_module et_flex_module\"><span class=\"et_pb_background_mask\"><\/span><div class=\"et_pb_fullwidth_header_container left\"><div class=\"header-content-container center\"><div class=\"header-content et_flex_module\"><h1 class=\"et_pb_module_header\">S\u00e4rskiljningsf\u00f6rm\u00e5ga<\/h1><div class=\"et_pb_header_content_wrapper\"><p>P\u00e5 en fullsatt marknad, <br \/>varum\u00e4rkesbyggande s\u00e4kerst\u00e4ller att du<br \/>stick ut fr\u00e5n konkurrensen.<\/p>\n<\/div><div class=\"et_pb_header_button_wrapper\"><\/div><\/div><\/div><\/div><div class=\"et_pb_fullwidth_header_overlay\"><\/div><div class=\"et_pb_fullwidth_header_scroll\"><\/div><\/section>\n<\/div>\n<\/div>\n<\/div>","protected":false},"excerpt":{"rendered":"","protected":false},"author":2,"featured_media":463,"parent":0,"menu_order":0,"comment_status":"closed","ping_status":"closed","template":"","meta":{"footnotes":""},"class_list":["post-286","page","type-page","status-publish","has-post-thumbnail","hentry"],"yoast_head":"<!-- This site is optimized with the Yoast SEO plugin v27.5 - https:\/\/yoast.com\/product\/yoast-seo-wordpress\/ -->\n<title>branding - Nordic Internet Solutions AB | Web Design &amp; Digital Strategy<\/title>\n<meta name=\"description\" content=\"A &quot;branding website&quot; is a website specifically designed to convey and reinforce the brand identity. This goes beyond simply displaying information.\" \/>\n<meta name=\"robots\" content=\"index, follow, max-snippet:-1, max-image-preview:large, max-video-preview:-1\" \/>\n<link rel=\"canonical\" href=\"https:\/\/nordicinternetsolutions.com\/sv\/varumarkesbyggande\/\" \/>\n<meta property=\"og:locale\" content=\"sv_SE\" \/>\n<meta property=\"og:type\" content=\"article\" \/>\n<meta property=\"og:title\" content=\"branding - Nordic Internet Solutions AB | Web Design &amp; Digital Strategy\" \/>\n<meta property=\"og:description\" content=\"A &quot;branding website&quot; is a website specifically designed to convey and reinforce the brand identity. This goes beyond simply displaying information.\" \/>\n<meta property=\"og:url\" content=\"https:\/\/nordicinternetsolutions.com\/sv\/varumarkesbyggande\/\" \/>\n<meta property=\"og:site_name\" content=\"Nordic Internet Solutions AB | Web Design &amp; Digital Strategy\" \/>\n<meta property=\"article:publisher\" content=\"https:\/\/www.facebook.com\/profile.php?id=61585601183693\" \/>\n<meta property=\"article:modified_time\" content=\"2026-04-17T13:29:14+00:00\" \/>\n<meta property=\"og:image\" content=\"https:\/\/nordicinternetsolutions.com\/wp-content\/uploads\/2026\/03\/Programmer_Working_On_Code_original_533383-scaled.jpg\" \/>\n\t<meta property=\"og:image:width\" content=\"2560\" \/>\n\t<meta property=\"og:image:height\" content=\"1709\" \/>\n\t<meta property=\"og:image:type\" content=\"image\/jpeg\" \/>\n<meta name=\"twitter:card\" content=\"summary_large_image\" \/>\n<meta name=\"twitter:label1\" content=\"Ber\u00e4knad l\u00e4stid\" \/>\n\t<meta name=\"twitter:data1\" content=\"1 minut\" \/>\n<script type=\"application\/ld+json\" class=\"yoast-schema-graph\">{\"@context\":\"https:\\\/\\\/schema.org\",\"@graph\":[{\"@type\":\"WebPage\",\"@id\":\"https:\\\/\\\/nordicinternetsolutions.com\\\/branding\\\/\",\"url\":\"https:\\\/\\\/nordicinternetsolutions.com\\\/branding\\\/\",\"name\":\"branding - Nordic Internet Solutions AB | Web Design &amp; Digital Strategy\",\"isPartOf\":{\"@id\":\"https:\\\/\\\/nordicinternetsolutions.com\\\/#website\"},\"primaryImageOfPage\":{\"@id\":\"https:\\\/\\\/nordicinternetsolutions.com\\\/branding\\\/#primaryimage\"},\"image\":{\"@id\":\"https:\\\/\\\/nordicinternetsolutions.com\\\/branding\\\/#primaryimage\"},\"thumbnailUrl\":\"https:\\\/\\\/nordicinternetsolutions.com\\\/wp-content\\\/uploads\\\/2026\\\/03\\\/Programmer_Working_On_Code_original_533383-scaled.jpg\",\"datePublished\":\"2026-03-12T13:37:30+00:00\",\"dateModified\":\"2026-04-17T13:29:14+00:00\",\"description\":\"A \\\"branding website\\\" is a website specifically designed to convey and reinforce the brand identity. This goes beyond simply displaying information.\",\"breadcrumb\":{\"@id\":\"https:\\\/\\\/nordicinternetsolutions.com\\\/branding\\\/#breadcrumb\"},\"inLanguage\":\"sv-SE\",\"potentialAction\":[{\"@type\":\"ReadAction\",\"target\":[\"https:\\\/\\\/nordicinternetsolutions.com\\\/branding\\\/\"]}]},{\"@type\":\"ImageObject\",\"inLanguage\":\"sv-SE\",\"@id\":\"https:\\\/\\\/nordicinternetsolutions.com\\\/branding\\\/#primaryimage\",\"url\":\"https:\\\/\\\/nordicinternetsolutions.com\\\/wp-content\\\/uploads\\\/2026\\\/03\\\/Programmer_Working_On_Code_original_533383-scaled.jpg\",\"contentUrl\":\"https:\\\/\\\/nordicinternetsolutions.com\\\/wp-content\\\/uploads\\\/2026\\\/03\\\/Programmer_Working_On_Code_original_533383-scaled.jpg\",\"width\":2560,\"height\":1709,\"caption\":\"Programmer working on laptop in office and writing code\"},{\"@type\":\"BreadcrumbList\",\"@id\":\"https:\\\/\\\/nordicinternetsolutions.com\\\/branding\\\/#breadcrumb\",\"itemListElement\":[{\"@type\":\"ListItem\",\"position\":1,\"name\":\"Home\",\"item\":\"https:\\\/\\\/nordicinternetsolutions.com\\\/\"},{\"@type\":\"ListItem\",\"position\":2,\"name\":\"branding\"}]},{\"@type\":\"WebSite\",\"@id\":\"https:\\\/\\\/nordicinternetsolutions.com\\\/#website\",\"url\":\"https:\\\/\\\/nordicinternetsolutions.com\\\/\",\"name\":\"Nordic Internet Solutions AB | Web Design & Digital Strategy\",\"description\":\"Your partner for scalable web solutions and Nordic excellence\",\"publisher\":{\"@id\":\"https:\\\/\\\/nordicinternetsolutions.com\\\/#organization\"},\"potentialAction\":[{\"@type\":\"SearchAction\",\"target\":{\"@type\":\"EntryPoint\",\"urlTemplate\":\"https:\\\/\\\/nordicinternetsolutions.com\\\/?s={search_term_string}\"},\"query-input\":{\"@type\":\"PropertyValueSpecification\",\"valueRequired\":true,\"valueName\":\"search_term_string\"}}],\"inLanguage\":\"sv-SE\"},{\"@type\":\"Organization\",\"@id\":\"https:\\\/\\\/nordicinternetsolutions.com\\\/#organization\",\"name\":\"Nordic Internet Solutions AB | Web Design & Digital Strategy\",\"url\":\"https:\\\/\\\/nordicinternetsolutions.com\\\/\",\"logo\":{\"@type\":\"ImageObject\",\"inLanguage\":\"sv-SE\",\"@id\":\"https:\\\/\\\/nordicinternetsolutions.com\\\/#\\\/schema\\\/logo\\\/image\\\/\",\"url\":\"https:\\\/\\\/nordicinternetsolutions.com\\\/wp-content\\\/uploads\\\/2026\\\/03\\\/Logo-Complete-transparant.png\",\"contentUrl\":\"https:\\\/\\\/nordicinternetsolutions.com\\\/wp-content\\\/uploads\\\/2026\\\/03\\\/Logo-Complete-transparant.png\",\"width\":634,\"height\":163,\"caption\":\"Nordic Internet Solutions AB | Web Design & Digital Strategy\"},\"image\":{\"@id\":\"https:\\\/\\\/nordicinternetsolutions.com\\\/#\\\/schema\\\/logo\\\/image\\\/\"},\"sameAs\":[\"https:\\\/\\\/www.facebook.com\\\/profile.php?id=61585601183693\"]}]}<\/script>\n<!-- \/ Yoast SEO plugin. -->","yoast_head_json":{"title":"varum\u00e4rkesbyggande - Nordic Internet Solutions AB | Webbdesign &amp; Digital strategi","description":"En \"varum\u00e4rkeswebbplats\" \u00e4r en webbplats som \u00e4r specifikt utformad f\u00f6r att f\u00f6rmedla och f\u00f6rst\u00e4rka varum\u00e4rkesidentiteten. Detta g\u00e5r ut\u00f6ver att bara visa information.","robots":{"index":"index","follow":"follow","max-snippet":"max-snippet:-1","max-image-preview":"max-image-preview:large","max-video-preview":"max-video-preview:-1"},"canonical":"https:\/\/nordicinternetsolutions.com\/sv\/varumarkesbyggande\/","og_locale":"sv_SE","og_type":"article","og_title":"branding - Nordic Internet Solutions AB | Web Design &amp; Digital Strategy","og_description":"A \"branding website\" is a website specifically designed to convey and reinforce the brand identity. This goes beyond simply displaying information.","og_url":"https:\/\/nordicinternetsolutions.com\/sv\/varumarkesbyggande\/","og_site_name":"Nordic Internet Solutions AB | Web Design &amp; Digital Strategy","article_publisher":"https:\/\/www.facebook.com\/profile.php?id=61585601183693","article_modified_time":"2026-04-17T13:29:14+00:00","og_image":[{"width":2560,"height":1709,"url":"https:\/\/nordicinternetsolutions.com\/wp-content\/uploads\/2026\/03\/Programmer_Working_On_Code_original_533383-scaled.jpg","type":"image\/jpeg"}],"twitter_card":"summary_large_image","twitter_misc":{"Ber\u00e4knad l\u00e4stid":"1 minut"},"schema":{"@context":"https:\/\/schema.org","@graph":[{"@type":"WebPage","@id":"https:\/\/nordicinternetsolutions.com\/branding\/","url":"https:\/\/nordicinternetsolutions.com\/branding\/","name":"varum\u00e4rkesbyggande - Nordic Internet Solutions AB | Webbdesign &amp; Digital strategi","isPartOf":{"@id":"https:\/\/nordicinternetsolutions.com\/#website"},"primaryImageOfPage":{"@id":"https:\/\/nordicinternetsolutions.com\/branding\/#primaryimage"},"image":{"@id":"https:\/\/nordicinternetsolutions.com\/branding\/#primaryimage"},"thumbnailUrl":"https:\/\/nordicinternetsolutions.com\/wp-content\/uploads\/2026\/03\/Programmer_Working_On_Code_original_533383-scaled.jpg","datePublished":"2026-03-12T13:37:30+00:00","dateModified":"2026-04-17T13:29:14+00:00","description":"En \"varum\u00e4rkeswebbplats\" \u00e4r en webbplats som \u00e4r specifikt utformad f\u00f6r att f\u00f6rmedla och f\u00f6rst\u00e4rka varum\u00e4rkesidentiteten. Detta g\u00e5r ut\u00f6ver att bara visa information.","breadcrumb":{"@id":"https:\/\/nordicinternetsolutions.com\/branding\/#breadcrumb"},"inLanguage":"sv-SE","potentialAction":[{"@type":"ReadAction","target":["https:\/\/nordicinternetsolutions.com\/branding\/"]}]},{"@type":"ImageObject","inLanguage":"sv-SE","@id":"https:\/\/nordicinternetsolutions.com\/branding\/#primaryimage","url":"https:\/\/nordicinternetsolutions.com\/wp-content\/uploads\/2026\/03\/Programmer_Working_On_Code_original_533383-scaled.jpg","contentUrl":"https:\/\/nordicinternetsolutions.com\/wp-content\/uploads\/2026\/03\/Programmer_Working_On_Code_original_533383-scaled.jpg","width":2560,"height":1709,"caption":"Programmer working on laptop in office and writing code"},{"@type":"BreadcrumbList","@id":"https:\/\/nordicinternetsolutions.com\/branding\/#breadcrumb","itemListElement":[{"@type":"ListItem","position":1,"name":"Home","item":"https:\/\/nordicinternetsolutions.com\/"},{"@type":"ListItem","position":2,"name":"branding"}]},{"@type":"WebSite","@id":"https:\/\/nordicinternetsolutions.com\/#website","url":"https:\/\/nordicinternetsolutions.com\/","name":"Nordic Internet Solutions AB | Webbdesign &amp; Digital strategi","description":"Din partner f\u00f6r skalbara webbl\u00f6sningar och nordisk excellens","publisher":{"@id":"https:\/\/nordicinternetsolutions.com\/#organization"},"potentialAction":[{"@type":"SearchAction","target":{"@type":"EntryPoint","urlTemplate":"https:\/\/nordicinternetsolutions.com\/?s={search_term_string}"},"query-input":{"@type":"PropertyValueSpecification","valueRequired":true,"valueName":"search_term_string"}}],"inLanguage":"sv-SE"},{"@type":"Organization","@id":"https:\/\/nordicinternetsolutions.com\/#organization","name":"Nordic Internet Solutions AB | Webbdesign &amp; Digital strategi","url":"https:\/\/nordicinternetsolutions.com\/","logo":{"@type":"ImageObject","inLanguage":"sv-SE","@id":"https:\/\/nordicinternetsolutions.com\/#\/schema\/logo\/image\/","url":"https:\/\/nordicinternetsolutions.com\/wp-content\/uploads\/2026\/03\/Logo-Complete-transparant.png","contentUrl":"https:\/\/nordicinternetsolutions.com\/wp-content\/uploads\/2026\/03\/Logo-Complete-transparant.png","width":634,"height":163,"caption":"Nordic Internet Solutions AB | Web Design & Digital Strategy"},"image":{"@id":"https:\/\/nordicinternetsolutions.com\/#\/schema\/logo\/image\/"},"sameAs":["https:\/\/www.facebook.com\/profile.php?id=61585601183693"]}]}},"_links":{"self":[{"href":"https:\/\/nordicinternetsolutions.com\/sv\/wp-json\/wp\/v2\/pages\/286","targetHints":{"allow":["GET"]}}],"collection":[{"href":"https:\/\/nordicinternetsolutions.com\/sv\/wp-json\/wp\/v2\/pages"}],"about":[{"href":"https:\/\/nordicinternetsolutions.com\/sv\/wp-json\/wp\/v2\/types\/page"}],"author":[{"embeddable":true,"href":"https:\/\/nordicinternetsolutions.com\/sv\/wp-json\/wp\/v2\/users\/2"}],"replies":[{"embeddable":true,"href":"https:\/\/nordicinternetsolutions.com\/sv\/wp-json\/wp\/v2\/comments?post=286"}],"version-history":[{"count":19,"href":"https:\/\/nordicinternetsolutions.com\/sv\/wp-json\/wp\/v2\/pages\/286\/revisions"}],"predecessor-version":[{"id":224776,"href":"https:\/\/nordicinternetsolutions.com\/sv\/wp-json\/wp\/v2\/pages\/286\/revisions\/224776"}],"wp:featuredmedia":[{"embeddable":true,"href":"https:\/\/nordicinternetsolutions.com\/sv\/wp-json\/wp\/v2\/media\/463"}],"wp:attachment":[{"href":"https:\/\/nordicinternetsolutions.com\/sv\/wp-json\/wp\/v2\/media?parent=286"}],"curies":[{"name":"wp","href":"https:\/\/api.w.org\/{rel}","templated":true}]}}